{"id":12746,"date":"2023-03-27T13:34:25","date_gmt":"2023-03-27T11:34:25","guid":{"rendered":"https:\/\/shop.lilalom.com\/?page_id=12746"},"modified":"2023-03-27T13:47:05","modified_gmt":"2023-03-27T11:47:05","slug":"trgovina-2","status":"publish","type":"page","link":"https:\/\/orchidleja.com\/index.php\/trgovina-2\/","title":{"rendered":"Trgovina"},"content":{"rendered":"\t\t<div data-elementor-type=\"wp-page\" data-elementor-id=\"12746\" class=\"elementor elementor-12746\">\n\t\t\t\t\t\t<section class=\"elementor-section elementor-top-section elementor-element elementor-element-2368c62 elementor-section-boxed elementor-section-height-default elementor-section-height-default\" data-id=\"2368c62\" data-element_type=\"section\">\n\t\t\t\t\t\t<div class=\"elementor-container elementor-column-gap-default\">\n\t\t\t\t\t<div class=\"elementor-column elementor-col-33 elementor-top-column elementor-element elementor-element-f819832\" data-id=\"f819832\" data-element_type=\"column\">\n\t\t\t<div class=\"elementor-widget-wrap elementor-element-populated\">\n\t\t\t\t\t\t<div class=\"elementor-element elementor-element-535c1d4 elementor-widget elementor-widget-wp-widget-woocommerce_product_categories\" data-id=\"535c1d4\" data-element_type=\"widget\" data-widget_type=\"wp-widget-woocommerce_product_categories.default\">\n\t\t\t\t<div class=\"elementor-widget-container\">\n\t\t\t<h5>Kategorije izdelkov<\/h5><ul class=\"product-categories\"><li class=\"cat-item cat-item-38 cat-parent\"><a href=\"https:\/\/orchidleja.com\/index.php\/kategorija-izdelka\/nakit-in-modni-dodatki\/\">Nakit in modni dodatki<\/a><ul class='children'>\n<li class=\"cat-item cat-item-198\"><a href=\"https:\/\/orchidleja.com\/index.php\/kategorija-izdelka\/nakit-in-modni-dodatki\/klasicni-uhani\/\">Klasi\u010dni uhani<\/a><\/li>\n<li class=\"cat-item cat-item-27\"><a href=\"https:\/\/orchidleja.com\/index.php\/kategorija-izdelka\/nakit-in-modni-dodatki\/kompleti\/\">Kompleti<\/a><\/li>\n<li class=\"cat-item cat-item-23\"><a href=\"https:\/\/orchidleja.com\/index.php\/kategorija-izdelka\/nakit-in-modni-dodatki\/ogrlice\/\">Ogrlice<\/a><\/li>\n<li class=\"cat-item cat-item-25\"><a href=\"https:\/\/orchidleja.com\/index.php\/kategorija-izdelka\/nakit-in-modni-dodatki\/prstani\/\">Prsteni<\/a><\/li>\n<li class=\"cat-item cat-item-199\"><a href=\"https:\/\/orchidleja.com\/index.php\/kategorija-izdelka\/nakit-in-modni-dodatki\/viseci-uhani\/\">Vise\u010di uhani<\/a><\/li>\n<li class=\"cat-item cat-item-24\"><a href=\"https:\/\/orchidleja.com\/index.php\/kategorija-izdelka\/nakit-in-modni-dodatki\/zapestnice\/\">Zapestnice<\/a><\/li>\n<\/ul>\n<\/li>\n<\/ul>\t\t<\/div>\n\t\t\t\t<\/div>\n\t\t\t\t\t<\/div>\n\t\t<\/div>\n\t\t\t\t<div class=\"elementor-column elementor-col-66 elementor-top-column elementor-element elementor-element-1ca0833\" data-id=\"1ca0833\" data-element_type=\"column\">\n\t\t\t<div class=\"elementor-widget-wrap elementor-element-populated\">\n\t\t\t\t\t\t<div class=\"elementor-element elementor-element-eed3ea5 elementor-widget elementor-widget-razzi-products-grid\" data-id=\"eed3ea5\" data-element_type=\"widget\" data-settings=\"{&quot;per_page&quot;:8,&quot;columns&quot;:4,&quot;products&quot;:&quot;recent&quot;}\" data-widget_type=\"razzi-products-grid.default\">\n\t\t\t\t<div class=\"elementor-widget-container\">\n\t\t\t\t\t<div class=\"razzi-products-grid woocommerce\">\r\n\t\t\t<div class=\"product-content\"><ul class=\"products columns-4\">\n<li class=\"product type-product post-13339 status-publish first instock product_cat-prstani has-post-thumbnail sold-individually purchasable product-type-simple\">\n\t<a href=\"https:\/\/orchidleja.com\/index.php\/izdelek\/veliki-prstan-v-svetlo-zeleni-barvi-z-mozaikom-orhidej\/\" class=\"woocommerce-LoopProduct-link woocommerce-loop-product__link\"><img fetchpriority=\"high\" decoding=\"async\" width=\"670\" height=\"670\" src=\"https:\/\/orchidleja.com\/wp-content\/uploads\/2025\/05\/velik-prstan-svetlo-zelena-mozaik-orhideja-2-670x670.jpg\" class=\"attachment-woocommerce_thumbnail size-woocommerce_thumbnail\" alt=\"Veliki prstan v svetlo zeleni barvi z mozaikom orhidej\" srcset=\"https:\/\/orchidleja.com\/wp-content\/uploads\/2025\/05\/velik-prstan-svetlo-zelena-mozaik-orhideja-2-670x670.jpg 670w, https:\/\/orchidleja.com\/wp-content\/uploads\/2025\/05\/velik-prstan-svetlo-zelena-mozaik-orhideja-2-300x300.jpg 300w, https:\/\/orchidleja.com\/wp-content\/uploads\/2025\/05\/velik-prstan-svetlo-zelena-mozaik-orhideja-2-1024x1024.jpg 1024w, https:\/\/orchidleja.com\/wp-content\/uploads\/2025\/05\/velik-prstan-svetlo-zelena-mozaik-orhideja-2-150x150.jpg 150w, https:\/\/orchidleja.com\/wp-content\/uploads\/2025\/05\/velik-prstan-svetlo-zelena-mozaik-orhideja-2-768x768.jpg 768w, https:\/\/orchidleja.com\/wp-content\/uploads\/2025\/05\/velik-prstan-svetlo-zelena-mozaik-orhideja-2-1536x1536.jpg 1536w, https:\/\/orchidleja.com\/wp-content\/uploads\/2025\/05\/velik-prstan-svetlo-zelena-mozaik-orhideja-2-130x130.jpg 130w, https:\/\/orchidleja.com\/wp-content\/uploads\/2025\/05\/velik-prstan-svetlo-zelena-mozaik-orhideja-2.jpg 2000w\" sizes=\"(max-width: 670px) 100vw, 670px\" \/><h2 class=\"woocommerce-loop-product__title\">Veliki prstan v svetlo zeleni barvi z mozaikom orhidej<\/h2>\n\t<span class=\"price\"><span class=\"woocommerce-Price-amount amount\"><bdi>20,00&nbsp;<span class=\"woocommerce-Price-currencySymbol\">&euro;<\/span><\/bdi><\/span><\/span>\n<\/a><a href=\"?add-to-cart=13339\" aria-describedby=\"woocommerce_loop_add_to_cart_link_describedby_13339\" data-quantity=\"1\" class=\"button product_type_simple add_to_cart_button ajax_add_to_cart\" data-product_id=\"13339\" data-product_sku=\"PRST-3\" aria-label=\"Dodaj v ko\u0161arico: &ldquo;Veliki prstan v svetlo zeleni barvi z mozaikom orhidej&rdquo;\" rel=\"nofollow\" data-success_message=\"&ldquo;Veliki prstan v svetlo zeleni barvi z mozaikom orhidej&rdquo; je bil dodan v va\u0161o ko\u0161arico\">Dodaj v ko\u0161arico<\/a>\t<span id=\"woocommerce_loop_add_to_cart_link_describedby_13339\" class=\"screen-reader-text\">\n\t\t\t<\/span>\n<\/li>\n<li class=\"product type-product post-13335 status-publish instock product_cat-klasicni-uhani has-post-thumbnail sold-individually purchasable product-type-simple\">\n\t<a href=\"https:\/\/orchidleja.com\/index.php\/izdelek\/okrogli-uhani-z-mozaikom-iz-cvetov-orhideje\/\" class=\"woocommerce-LoopProduct-link woocommerce-loop-product__link\"><img decoding=\"async\" width=\"670\" height=\"670\" src=\"https:\/\/orchidleja.com\/wp-content\/uploads\/2025\/05\/okrogli-uhani-mozaik-iz-orhidej-1-670x670.jpg\" class=\"attachment-woocommerce_thumbnail size-woocommerce_thumbnail\" alt=\"Okrogli uhani z mozaikom iz cvetov orhideje\" srcset=\"https:\/\/orchidleja.com\/wp-content\/uploads\/2025\/05\/okrogli-uhani-mozaik-iz-orhidej-1-670x670.jpg 670w, https:\/\/orchidleja.com\/wp-content\/uploads\/2025\/05\/okrogli-uhani-mozaik-iz-orhidej-1-300x300.jpg 300w, https:\/\/orchidleja.com\/wp-content\/uploads\/2025\/05\/okrogli-uhani-mozaik-iz-orhidej-1-1024x1024.jpg 1024w, https:\/\/orchidleja.com\/wp-content\/uploads\/2025\/05\/okrogli-uhani-mozaik-iz-orhidej-1-150x150.jpg 150w, https:\/\/orchidleja.com\/wp-content\/uploads\/2025\/05\/okrogli-uhani-mozaik-iz-orhidej-1-768x768.jpg 768w, https:\/\/orchidleja.com\/wp-content\/uploads\/2025\/05\/okrogli-uhani-mozaik-iz-orhidej-1-1536x1536.jpg 1536w, https:\/\/orchidleja.com\/wp-content\/uploads\/2025\/05\/okrogli-uhani-mozaik-iz-orhidej-1-130x130.jpg 130w, https:\/\/orchidleja.com\/wp-content\/uploads\/2025\/05\/okrogli-uhani-mozaik-iz-orhidej-1.jpg 2000w\" sizes=\"(max-width: 670px) 100vw, 670px\" \/><h2 class=\"woocommerce-loop-product__title\">Okrogli uhani z mozaikom iz cvetov orhideje<\/h2>\n\t<span class=\"price\"><span class=\"woocommerce-Price-amount amount\"><bdi>17,00&nbsp;<span class=\"woocommerce-Price-currencySymbol\">&euro;<\/span><\/bdi><\/span><\/span>\n<\/a><a href=\"?add-to-cart=13335\" aria-describedby=\"woocommerce_loop_add_to_cart_link_describedby_13335\" data-quantity=\"1\" class=\"button product_type_simple add_to_cart_button ajax_add_to_cart\" data-product_id=\"13335\" data-product_sku=\"UHAN-8-1\" aria-label=\"Dodaj v ko\u0161arico: &ldquo;Okrogli uhani z mozaikom iz cvetov orhideje&rdquo;\" rel=\"nofollow\" data-success_message=\"&ldquo;Okrogli uhani z mozaikom iz cvetov orhideje&rdquo; je bil dodan v va\u0161o ko\u0161arico\">Dodaj v ko\u0161arico<\/a>\t<span id=\"woocommerce_loop_add_to_cart_link_describedby_13335\" class=\"screen-reader-text\">\n\t\t\t<\/span>\n<\/li>\n<li class=\"product type-product post-13331 status-publish instock product_cat-klasicni-uhani has-post-thumbnail sale sold-individually purchasable product-type-simple\">\n\t<a href=\"https:\/\/orchidleja.com\/index.php\/izdelek\/zvezdasti-uhani-s-svetlecimi-listici-in-delci-orhideje\/\" class=\"woocommerce-LoopProduct-link woocommerce-loop-product__link\">\n\t<span class=\"onsale\">Akcija!<\/span>\n\t<img decoding=\"async\" width=\"670\" height=\"670\" src=\"https:\/\/orchidleja.com\/wp-content\/uploads\/2025\/05\/star-klasicni-uhani-orhideje-listici-2-670x670.jpg\" class=\"attachment-woocommerce_thumbnail size-woocommerce_thumbnail\" alt=\"Zvezdasti uhani s svetle\u010dimi listi\u010di in delci orhideje\" srcset=\"https:\/\/orchidleja.com\/wp-content\/uploads\/2025\/05\/star-klasicni-uhani-orhideje-listici-2-670x670.jpg 670w, https:\/\/orchidleja.com\/wp-content\/uploads\/2025\/05\/star-klasicni-uhani-orhideje-listici-2-300x300.jpg 300w, https:\/\/orchidleja.com\/wp-content\/uploads\/2025\/05\/star-klasicni-uhani-orhideje-listici-2-1024x1024.jpg 1024w, https:\/\/orchidleja.com\/wp-content\/uploads\/2025\/05\/star-klasicni-uhani-orhideje-listici-2-150x150.jpg 150w, https:\/\/orchidleja.com\/wp-content\/uploads\/2025\/05\/star-klasicni-uhani-orhideje-listici-2-768x768.jpg 768w, https:\/\/orchidleja.com\/wp-content\/uploads\/2025\/05\/star-klasicni-uhani-orhideje-listici-2-1536x1536.jpg 1536w, https:\/\/orchidleja.com\/wp-content\/uploads\/2025\/05\/star-klasicni-uhani-orhideje-listici-2-130x130.jpg 130w, https:\/\/orchidleja.com\/wp-content\/uploads\/2025\/05\/star-klasicni-uhani-orhideje-listici-2.jpg 2000w\" sizes=\"(max-width: 670px) 100vw, 670px\" \/><h2 class=\"woocommerce-loop-product__title\">Zvezdasti uhani s svetle\u010dimi listi\u010di in delci orhideje<\/h2>\n\t<span class=\"price\"><del aria-hidden=\"true\"><span class=\"woocommerce-Price-amount amount\"><bdi>14,00&nbsp;<span class=\"woocommerce-Price-currencySymbol\">&euro;<\/span><\/bdi><\/span><\/del> <span class=\"screen-reader-text\">Izvirna cena je bila: 14,00&nbsp;&euro;.<\/span><ins aria-hidden=\"true\"><span class=\"woocommerce-Price-amount amount\"><bdi>13,00&nbsp;<span class=\"woocommerce-Price-currencySymbol\">&euro;<\/span><\/bdi><\/span><\/ins><span class=\"screen-reader-text\">Trenutna cena je: 13,00&nbsp;&euro;.<\/span><\/span>\n<\/a><a href=\"?add-to-cart=13331\" aria-describedby=\"woocommerce_loop_add_to_cart_link_describedby_13331\" data-quantity=\"1\" class=\"button product_type_simple add_to_cart_button ajax_add_to_cart\" data-product_id=\"13331\" data-product_sku=\"UHAN-8\" aria-label=\"Dodaj v ko\u0161arico: &ldquo;Zvezdasti uhani s svetle\u010dimi listi\u010di in delci orhideje&rdquo;\" rel=\"nofollow\" data-success_message=\"&ldquo;Zvezdasti uhani s svetle\u010dimi listi\u010di in delci orhideje&rdquo; je bil dodan v va\u0161o ko\u0161arico\">Dodaj v ko\u0161arico<\/a>\t<span id=\"woocommerce_loop_add_to_cart_link_describedby_13331\" class=\"screen-reader-text\">\n\t\t\t<\/span>\n<\/li>\n<li class=\"product type-product post-13327 status-publish last instock product_cat-klasicni-uhani has-post-thumbnail sold-individually purchasable product-type-simple\">\n\t<a href=\"https:\/\/orchidleja.com\/index.php\/izdelek\/klasicni-minimalisticni-uhani-pravokotne-oblike-z-orhidejami\/\" class=\"woocommerce-LoopProduct-link woocommerce-loop-product__link\"><img loading=\"lazy\" decoding=\"async\" width=\"670\" height=\"670\" src=\"https:\/\/orchidleja.com\/wp-content\/uploads\/2025\/05\/pravokotni-uhani-v-tonih-oceana-orchid-1-670x670.jpg\" class=\"attachment-woocommerce_thumbnail size-woocommerce_thumbnail\" alt=\"Klasi\u010dni minimalisti\u010dni uhani pravokotne oblike z orhidejami\" srcset=\"https:\/\/orchidleja.com\/wp-content\/uploads\/2025\/05\/pravokotni-uhani-v-tonih-oceana-orchid-1-670x670.jpg 670w, https:\/\/orchidleja.com\/wp-content\/uploads\/2025\/05\/pravokotni-uhani-v-tonih-oceana-orchid-1-300x300.jpg 300w, https:\/\/orchidleja.com\/wp-content\/uploads\/2025\/05\/pravokotni-uhani-v-tonih-oceana-orchid-1-1024x1024.jpg 1024w, https:\/\/orchidleja.com\/wp-content\/uploads\/2025\/05\/pravokotni-uhani-v-tonih-oceana-orchid-1-150x150.jpg 150w, https:\/\/orchidleja.com\/wp-content\/uploads\/2025\/05\/pravokotni-uhani-v-tonih-oceana-orchid-1-768x768.jpg 768w, https:\/\/orchidleja.com\/wp-content\/uploads\/2025\/05\/pravokotni-uhani-v-tonih-oceana-orchid-1-1536x1536.jpg 1536w, https:\/\/orchidleja.com\/wp-content\/uploads\/2025\/05\/pravokotni-uhani-v-tonih-oceana-orchid-1-130x130.jpg 130w, https:\/\/orchidleja.com\/wp-content\/uploads\/2025\/05\/pravokotni-uhani-v-tonih-oceana-orchid-1.jpg 2000w\" sizes=\"(max-width: 670px) 100vw, 670px\" \/><h2 class=\"woocommerce-loop-product__title\">Klasi\u010dni minimalisti\u010dni uhani pravokotne oblike z orhidejami<\/h2>\n\t<span class=\"price\"><span class=\"woocommerce-Price-amount amount\"><bdi>14,00&nbsp;<span class=\"woocommerce-Price-currencySymbol\">&euro;<\/span><\/bdi><\/span><\/span>\n<\/a><a href=\"?add-to-cart=13327\" aria-describedby=\"woocommerce_loop_add_to_cart_link_describedby_13327\" data-quantity=\"1\" class=\"button product_type_simple add_to_cart_button ajax_add_to_cart\" data-product_id=\"13327\" data-product_sku=\"UHAN-7\" aria-label=\"Dodaj v ko\u0161arico: &ldquo;Klasi\u010dni minimalisti\u010dni uhani pravokotne oblike z orhidejami&rdquo;\" rel=\"nofollow\" data-success_message=\"&ldquo;Klasi\u010dni minimalisti\u010dni uhani pravokotne oblike z orhidejami&rdquo; je bil dodan v va\u0161o ko\u0161arico\">Dodaj v ko\u0161arico<\/a>\t<span id=\"woocommerce_loop_add_to_cart_link_describedby_13327\" class=\"screen-reader-text\">\n\t\t\t<\/span>\n<\/li>\n<li class=\"product type-product post-13322 status-publish first instock product_cat-klasicni-uhani has-post-thumbnail sold-individually purchasable product-type-simple\">\n\t<a href=\"https:\/\/orchidleja.com\/index.php\/izdelek\/uhani-s-pridihom-orhideje-in-kameleon-blescic\/\" class=\"woocommerce-LoopProduct-link woocommerce-loop-product__link\"><img loading=\"lazy\" decoding=\"async\" width=\"670\" height=\"670\" src=\"https:\/\/orchidleja.com\/wp-content\/uploads\/2025\/05\/uhani-z-kamelon-orhid-ocean-style-3-670x670.jpg\" class=\"attachment-woocommerce_thumbnail size-woocommerce_thumbnail\" alt=\"Uhani s pridihom orhideje in kameleon ble\u0161\u010dic\" srcset=\"https:\/\/orchidleja.com\/wp-content\/uploads\/2025\/05\/uhani-z-kamelon-orhid-ocean-style-3-670x670.jpg 670w, https:\/\/orchidleja.com\/wp-content\/uploads\/2025\/05\/uhani-z-kamelon-orhid-ocean-style-3-300x300.jpg 300w, https:\/\/orchidleja.com\/wp-content\/uploads\/2025\/05\/uhani-z-kamelon-orhid-ocean-style-3-1024x1024.jpg 1024w, https:\/\/orchidleja.com\/wp-content\/uploads\/2025\/05\/uhani-z-kamelon-orhid-ocean-style-3-150x150.jpg 150w, https:\/\/orchidleja.com\/wp-content\/uploads\/2025\/05\/uhani-z-kamelon-orhid-ocean-style-3-768x768.jpg 768w, https:\/\/orchidleja.com\/wp-content\/uploads\/2025\/05\/uhani-z-kamelon-orhid-ocean-style-3-1536x1536.jpg 1536w, https:\/\/orchidleja.com\/wp-content\/uploads\/2025\/05\/uhani-z-kamelon-orhid-ocean-style-3-130x130.jpg 130w, https:\/\/orchidleja.com\/wp-content\/uploads\/2025\/05\/uhani-z-kamelon-orhid-ocean-style-3.jpg 2000w\" sizes=\"(max-width: 670px) 100vw, 670px\" \/><h2 class=\"woocommerce-loop-product__title\">Uhani s pridihom orhideje in kameleon ble\u0161\u010dic<\/h2>\n\t<span class=\"price\"><span class=\"woocommerce-Price-amount amount\"><bdi>16,00&nbsp;<span class=\"woocommerce-Price-currencySymbol\">&euro;<\/span><\/bdi><\/span><\/span>\n<\/a><a href=\"?add-to-cart=13322\" aria-describedby=\"woocommerce_loop_add_to_cart_link_describedby_13322\" data-quantity=\"1\" class=\"button product_type_simple add_to_cart_button ajax_add_to_cart\" data-product_id=\"13322\" data-product_sku=\"UHAN-6\" aria-label=\"Dodaj v ko\u0161arico: &ldquo;Uhani s pridihom orhideje in kameleon ble\u0161\u010dic&rdquo;\" rel=\"nofollow\" data-success_message=\"&ldquo;Uhani s pridihom orhideje in kameleon ble\u0161\u010dic&rdquo; je bil dodan v va\u0161o ko\u0161arico\">Dodaj v ko\u0161arico<\/a>\t<span id=\"woocommerce_loop_add_to_cart_link_describedby_13322\" class=\"screen-reader-text\">\n\t\t\t<\/span>\n<\/li>\n<li class=\"product type-product post-13318 status-publish instock product_cat-prstani has-post-thumbnail sold-individually purchasable product-type-simple\">\n\t<a href=\"https:\/\/orchidleja.com\/index.php\/izdelek\/prestizni-prstan-z-dotikom-orhideje\/\" class=\"woocommerce-LoopProduct-link woocommerce-loop-product__link\"><img loading=\"lazy\" decoding=\"async\" width=\"670\" height=\"670\" src=\"https:\/\/orchidleja.com\/wp-content\/uploads\/2025\/05\/prstan_v_zlati_barvi_z_delci_orhidej-2-670x670.jpg\" class=\"attachment-woocommerce_thumbnail size-woocommerce_thumbnail\" alt=\"Presti\u017eni prstan z dotikom orhideje\" srcset=\"https:\/\/orchidleja.com\/wp-content\/uploads\/2025\/05\/prstan_v_zlati_barvi_z_delci_orhidej-2-670x670.jpg 670w, https:\/\/orchidleja.com\/wp-content\/uploads\/2025\/05\/prstan_v_zlati_barvi_z_delci_orhidej-2-300x300.jpg 300w, https:\/\/orchidleja.com\/wp-content\/uploads\/2025\/05\/prstan_v_zlati_barvi_z_delci_orhidej-2-1024x1024.jpg 1024w, https:\/\/orchidleja.com\/wp-content\/uploads\/2025\/05\/prstan_v_zlati_barvi_z_delci_orhidej-2-150x150.jpg 150w, https:\/\/orchidleja.com\/wp-content\/uploads\/2025\/05\/prstan_v_zlati_barvi_z_delci_orhidej-2-768x768.jpg 768w, https:\/\/orchidleja.com\/wp-content\/uploads\/2025\/05\/prstan_v_zlati_barvi_z_delci_orhidej-2-1536x1536.jpg 1536w, https:\/\/orchidleja.com\/wp-content\/uploads\/2025\/05\/prstan_v_zlati_barvi_z_delci_orhidej-2-130x130.jpg 130w, https:\/\/orchidleja.com\/wp-content\/uploads\/2025\/05\/prstan_v_zlati_barvi_z_delci_orhidej-2.jpg 2000w\" sizes=\"(max-width: 670px) 100vw, 670px\" \/><h2 class=\"woocommerce-loop-product__title\">Presti\u017eni prstan z dotikom orhideje<\/h2>\n\t<span class=\"price\"><span class=\"woocommerce-Price-amount amount\"><bdi>24,00&nbsp;<span class=\"woocommerce-Price-currencySymbol\">&euro;<\/span><\/bdi><\/span><\/span>\n<\/a><a href=\"?add-to-cart=13318\" aria-describedby=\"woocommerce_loop_add_to_cart_link_describedby_13318\" data-quantity=\"1\" class=\"button product_type_simple add_to_cart_button ajax_add_to_cart\" data-product_id=\"13318\" data-product_sku=\"PRST-2\" aria-label=\"Dodaj v ko\u0161arico: &ldquo;Presti\u017eni prstan z dotikom orhideje&rdquo;\" rel=\"nofollow\" data-success_message=\"&ldquo;Presti\u017eni prstan z dotikom orhideje&rdquo; je bil dodan v va\u0161o ko\u0161arico\">Dodaj v ko\u0161arico<\/a>\t<span id=\"woocommerce_loop_add_to_cart_link_describedby_13318\" class=\"screen-reader-text\">\n\t\t\t<\/span>\n<\/li>\n<li class=\"product type-product post-13313 status-publish instock product_cat-klasicni-uhani has-post-thumbnail sold-individually purchasable product-type-simple\">\n\t<a href=\"https:\/\/orchidleja.com\/index.php\/izdelek\/okrogli-uhani-z-cvetom-orhideje-v-temno-vijolicni-barvi\/\" class=\"woocommerce-LoopProduct-link woocommerce-loop-product__link\"><img loading=\"lazy\" decoding=\"async\" width=\"670\" height=\"670\" src=\"https:\/\/orchidleja.com\/wp-content\/uploads\/2025\/05\/klasicni-okrogli-ujani-bordo-1-670x670.jpg\" class=\"attachment-woocommerce_thumbnail size-woocommerce_thumbnail\" alt=\"Okrogli uhani z cvetom orhideje v temno vijoli\u010dni barvi\" srcset=\"https:\/\/orchidleja.com\/wp-content\/uploads\/2025\/05\/klasicni-okrogli-ujani-bordo-1-670x670.jpg 670w, https:\/\/orchidleja.com\/wp-content\/uploads\/2025\/05\/klasicni-okrogli-ujani-bordo-1-300x300.jpg 300w, https:\/\/orchidleja.com\/wp-content\/uploads\/2025\/05\/klasicni-okrogli-ujani-bordo-1-1024x1024.jpg 1024w, https:\/\/orchidleja.com\/wp-content\/uploads\/2025\/05\/klasicni-okrogli-ujani-bordo-1-150x150.jpg 150w, https:\/\/orchidleja.com\/wp-content\/uploads\/2025\/05\/klasicni-okrogli-ujani-bordo-1-768x768.jpg 768w, https:\/\/orchidleja.com\/wp-content\/uploads\/2025\/05\/klasicni-okrogli-ujani-bordo-1-1536x1536.jpg 1536w, https:\/\/orchidleja.com\/wp-content\/uploads\/2025\/05\/klasicni-okrogli-ujani-bordo-1-130x130.jpg 130w, https:\/\/orchidleja.com\/wp-content\/uploads\/2025\/05\/klasicni-okrogli-ujani-bordo-1.jpg 2000w\" sizes=\"(max-width: 670px) 100vw, 670px\" \/><h2 class=\"woocommerce-loop-product__title\">Okrogli uhani z cvetom orhideje v temno vijoli\u010dni barvi<\/h2>\n\t<span class=\"price\"><span class=\"woocommerce-Price-amount amount\"><bdi>16,00&nbsp;<span class=\"woocommerce-Price-currencySymbol\">&euro;<\/span><\/bdi><\/span><\/span>\n<\/a><a href=\"?add-to-cart=13313\" aria-describedby=\"woocommerce_loop_add_to_cart_link_describedby_13313\" data-quantity=\"1\" class=\"button product_type_simple add_to_cart_button ajax_add_to_cart\" data-product_id=\"13313\" data-product_sku=\"UHAN-5\" aria-label=\"Dodaj v ko\u0161arico: &ldquo;Okrogli uhani z cvetom orhideje v temno vijoli\u010dni barvi&rdquo;\" rel=\"nofollow\" data-success_message=\"&ldquo;Okrogli uhani z cvetom orhideje v temno vijoli\u010dni barvi&rdquo; je bil dodan v va\u0161o ko\u0161arico\">Dodaj v ko\u0161arico<\/a>\t<span id=\"woocommerce_loop_add_to_cart_link_describedby_13313\" class=\"screen-reader-text\">\n\t\t\t<\/span>\n<\/li>\n<li class=\"product type-product post-13309 status-publish last instock product_cat-klasicni-uhani has-post-thumbnail sold-individually purchasable product-type-simple\">\n\t<a href=\"https:\/\/orchidleja.com\/index.php\/izdelek\/klasicni-okrogli-uhani-z-mozaikom-iz-orhidej\/\" class=\"woocommerce-LoopProduct-link woocommerce-loop-product__link\"><img loading=\"lazy\" decoding=\"async\" width=\"670\" height=\"670\" src=\"https:\/\/orchidleja.com\/wp-content\/uploads\/2025\/04\/klasicni-uhani-z-orhidejami-3-670x670.jpg\" class=\"attachment-woocommerce_thumbnail size-woocommerce_thumbnail\" alt=\"Klasi\u010dni okrogli uhani z mozaikom iz orhidej\" srcset=\"https:\/\/orchidleja.com\/wp-content\/uploads\/2025\/04\/klasicni-uhani-z-orhidejami-3-670x670.jpg 670w, https:\/\/orchidleja.com\/wp-content\/uploads\/2025\/04\/klasicni-uhani-z-orhidejami-3-300x300.jpg 300w, https:\/\/orchidleja.com\/wp-content\/uploads\/2025\/04\/klasicni-uhani-z-orhidejami-3-1024x1024.jpg 1024w, https:\/\/orchidleja.com\/wp-content\/uploads\/2025\/04\/klasicni-uhani-z-orhidejami-3-150x150.jpg 150w, https:\/\/orchidleja.com\/wp-content\/uploads\/2025\/04\/klasicni-uhani-z-orhidejami-3-768x768.jpg 768w, https:\/\/orchidleja.com\/wp-content\/uploads\/2025\/04\/klasicni-uhani-z-orhidejami-3-1536x1536.jpg 1536w, https:\/\/orchidleja.com\/wp-content\/uploads\/2025\/04\/klasicni-uhani-z-orhidejami-3-130x130.jpg 130w, https:\/\/orchidleja.com\/wp-content\/uploads\/2025\/04\/klasicni-uhani-z-orhidejami-3.jpg 2000w\" sizes=\"(max-width: 670px) 100vw, 670px\" \/><h2 class=\"woocommerce-loop-product__title\">Klasi\u010dni okrogli uhani z mozaikom iz orhidej<\/h2>\n\t<span class=\"price\"><span class=\"woocommerce-Price-amount amount\"><bdi>13,00&nbsp;<span class=\"woocommerce-Price-currencySymbol\">&euro;<\/span><\/bdi><\/span><\/span>\n<\/a><a href=\"?add-to-cart=13309\" aria-describedby=\"woocommerce_loop_add_to_cart_link_describedby_13309\" data-quantity=\"1\" class=\"button product_type_simple add_to_cart_button ajax_add_to_cart\" data-product_id=\"13309\" data-product_sku=\"UHAN-4\" aria-label=\"Dodaj v ko\u0161arico: &ldquo;Klasi\u010dni okrogli uhani z mozaikom iz orhidej&rdquo;\" rel=\"nofollow\" data-success_message=\"&ldquo;Klasi\u010dni okrogli uhani z mozaikom iz orhidej&rdquo; je bil dodan v va\u0161o ko\u0161arico\">Dodaj v ko\u0161arico<\/a>\t<span id=\"woocommerce_loop_add_to_cart_link_describedby_13309\" class=\"screen-reader-text\">\n\t\t\t<\/span>\n<\/li>\n<\/ul>\n<\/div>\t\t<\/div>\r\n\t\t\t\t<\/div>\n\t\t\t\t<\/div>\n\t\t\t\t\t<\/div>\n\t\t<\/div>\n\t\t\t\t\t<\/div>\n\t\t<\/section>\n\t\t\t\t<section class=\"elementor-section elementor-top-section elementor-element elementor-element-e88bd95 elementor-section-boxed elementor-section-height-default elementor-section-height-default\" data-id=\"e88bd95\" data-element_type=\"section\">\n\t\t\t\t\t\t<div class=\"elementor-container elementor-column-gap-default\">\n\t\t\t\t\t<div class=\"elementor-column elementor-col-100 elementor-top-column elementor-element elementor-element-0e7b790\" data-id=\"0e7b790\" data-element_type=\"column\">\n\t\t\t<div class=\"elementor-widget-wrap elementor-element-populated\">\n\t\t\t\t\t\t<div class=\"elementor-element elementor-element-79123d0 elementor-widget elementor-widget-razzi-products-recently-viewed-grid\" data-id=\"79123d0\" data-element_type=\"widget\" data-widget_type=\"razzi-products-recently-viewed-grid.default\">\n\t\t\t\t<div class=\"elementor-widget-container\">\n\t\t\t        <div class=\"razzi-products-recently-viewed-grid razzi-history-products grid-type\">\r\n\t\t\t<ul class=\"product-list no-products\"><li class=\"text-center\">Recently Viewed Products is a function which helps you keep track of your recent viewing history. <br> <a href=\"#\" class=\"razzi-button\">Shop Now<\/a><\/li><\/ul>            <div class=\"products-content\">\r\n\t\t\t\t        <\/div>\r\n\t\t\t\t<\/div>\n\t\t\t\t<\/div>\n\t\t\t\t\t<\/div>\n\t\t<\/div>\n\t\t\t\t\t<\/div>\n\t\t<\/section>\n\t\t\t\t<\/div>\n\t\t","protected":false},"excerpt":{"rendered":"<p>Dodaj v ko\u0161arico Quick View Preglej seznam \u017eelja Ogrlice Usnjena oglica z medaljonom iz cvetov vrese 50,00&nbsp;&euro; Dodaj v ko\u0161arico Dodaj v ko\u0161arico Quick View Dodaj v seznam \u017eelja Ogrlice Okrogli medaljon z cvetom regrata 35,00&nbsp;&euro; Dodaj v ko\u0161arico Dodaj v ko\u0161arico Quick View Dodaj v seznam \u017eelja Klasi\u010dni uhani Klasi\u010dni majhni okrogli uhani z [&hellip;]<\/p>\n","protected":false},"author":2759,"featured_media":0,"parent":0,"menu_order":0,"comment_status":"closed","ping_status":"open","template":"","meta":{"_eb_attr":"","footnotes":""},"class_list":["post-12746","page","type-page","status-publish","hentry"],"_links":{"self":[{"href":"https:\/\/orchidleja.com\/index.php\/wp-json\/wp\/v2\/pages\/12746","targetHints":{"allow":["GET"]}}],"collection":[{"href":"https:\/\/orchidleja.com\/index.php\/wp-json\/wp\/v2\/pages"}],"about":[{"href":"https:\/\/orchidleja.com\/index.php\/wp-json\/wp\/v2\/types\/page"}],"author":[{"embeddable":true,"href":"https:\/\/orchidleja.com\/index.php\/wp-json\/wp\/v2\/users\/2759"}],"replies":[{"embeddable":true,"href":"https:\/\/orchidleja.com\/index.php\/wp-json\/wp\/v2\/comments?post=12746"}],"version-history":[{"count":7,"href":"https:\/\/orchidleja.com\/index.php\/wp-json\/wp\/v2\/pages\/12746\/revisions"}],"predecessor-version":[{"id":12754,"href":"https:\/\/orchidleja.com\/index.php\/wp-json\/wp\/v2\/pages\/12746\/revisions\/12754"}],"wp:attachment":[{"href":"https:\/\/orchidleja.com\/index.php\/wp-json\/wp\/v2\/media?parent=12746"}],"curies":[{"name":"wp","href":"https:\/\/api.w.org\/{rel}","templated":true}]}}