{"id":7089,"date":"2020-12-30T03:24:01","date_gmt":"2020-12-30T02:24:01","guid":{"rendered":"https:\/\/demo4.drfuri.com\/razzi\/?page_id=7089"},"modified":"2023-01-17T10:34:30","modified_gmt":"2023-01-17T09:34:30","slug":"top-rated","status":"publish","type":"page","link":"https:\/\/orchidleja.com\/index.php\/top-rated\/","title":{"rendered":"Predlagano"},"content":{"rendered":"\t\t<div data-elementor-type=\"wp-page\" data-elementor-id=\"7089\" class=\"elementor elementor-7089\">\n\t\t\t\t\t\t<section class=\"elementor-section elementor-top-section elementor-element elementor-element-d67a768 elementor-section-boxed elementor-section-height-default elementor-section-height-default\" data-id=\"d67a768\" data-element_type=\"section\">\n\t\t\t\t\t\t<div class=\"elementor-container elementor-column-gap-default\">\n\t\t\t\t\t<div class=\"elementor-column elementor-col-100 elementor-top-column elementor-element elementor-element-25167a3\" data-id=\"25167a3\" data-element_type=\"column\">\n\t\t\t<div class=\"elementor-widget-wrap elementor-element-populated\">\n\t\t\t\t\t\t<div class=\"elementor-element elementor-element-45d6036 elementor-widget elementor-widget-razzi-products-grid\" data-id=\"45d6036\" data-element_type=\"widget\" data-settings=\"{&quot;products&quot;:&quot;top_rated&quot;,&quot;per_page&quot;:8,&quot;columns&quot;:4}\" data-widget_type=\"razzi-products-grid.default\">\n\t\t\t\t<div class=\"elementor-widget-container\">\n\t\t\t\t\t<div class=\"razzi-products-grid woocommerce\">\r\n\t\t\t<div class=\"product-content\"><ul class=\"products columns-4\">\n<li class=\"product type-product post-13331 status-publish first instock product_cat-klasicni-uhani has-post-thumbnail sale sold-individually purchasable product-type-simple\">\n\t<a href=\"https:\/\/orchidleja.com\/index.php\/izdelek\/zvezdasti-uhani-s-svetlecimi-listici-in-delci-orhideje\/\" class=\"woocommerce-LoopProduct-link woocommerce-loop-product__link\">\n\t<span class=\"onsale\">Akcija!<\/span>\n\t<img fetchpriority=\"high\" decoding=\"async\" width=\"670\" height=\"670\" src=\"https:\/\/orchidleja.com\/wp-content\/uploads\/2025\/05\/star-klasicni-uhani-orhideje-listici-2-670x670.jpg\" class=\"attachment-woocommerce_thumbnail size-woocommerce_thumbnail\" alt=\"Zvezdasti uhani s svetle\u010dimi listi\u010di in delci orhideje\" srcset=\"https:\/\/orchidleja.com\/wp-content\/uploads\/2025\/05\/star-klasicni-uhani-orhideje-listici-2-670x670.jpg 670w, https:\/\/orchidleja.com\/wp-content\/uploads\/2025\/05\/star-klasicni-uhani-orhideje-listici-2-300x300.jpg 300w, https:\/\/orchidleja.com\/wp-content\/uploads\/2025\/05\/star-klasicni-uhani-orhideje-listici-2-1024x1024.jpg 1024w, https:\/\/orchidleja.com\/wp-content\/uploads\/2025\/05\/star-klasicni-uhani-orhideje-listici-2-150x150.jpg 150w, https:\/\/orchidleja.com\/wp-content\/uploads\/2025\/05\/star-klasicni-uhani-orhideje-listici-2-768x768.jpg 768w, https:\/\/orchidleja.com\/wp-content\/uploads\/2025\/05\/star-klasicni-uhani-orhideje-listici-2-1536x1536.jpg 1536w, https:\/\/orchidleja.com\/wp-content\/uploads\/2025\/05\/star-klasicni-uhani-orhideje-listici-2-130x130.jpg 130w, https:\/\/orchidleja.com\/wp-content\/uploads\/2025\/05\/star-klasicni-uhani-orhideje-listici-2.jpg 2000w\" sizes=\"(max-width: 670px) 100vw, 670px\" \/><h2 class=\"woocommerce-loop-product__title\">Zvezdasti uhani s svetle\u010dimi listi\u010di in delci orhideje<\/h2>\n\t<span class=\"price\"><del aria-hidden=\"true\"><span class=\"woocommerce-Price-amount amount\"><bdi>14,00&nbsp;<span class=\"woocommerce-Price-currencySymbol\">&euro;<\/span><\/bdi><\/span><\/del> <span class=\"screen-reader-text\">Izvirna cena je bila: 14,00&nbsp;&euro;.<\/span><ins aria-hidden=\"true\"><span class=\"woocommerce-Price-amount amount\"><bdi>13,00&nbsp;<span class=\"woocommerce-Price-currencySymbol\">&euro;<\/span><\/bdi><\/span><\/ins><span class=\"screen-reader-text\">Trenutna cena je: 13,00&nbsp;&euro;.<\/span><\/span>\n<\/a><a href=\"?add-to-cart=13331\" aria-describedby=\"woocommerce_loop_add_to_cart_link_describedby_13331\" data-quantity=\"1\" class=\"button product_type_simple add_to_cart_button ajax_add_to_cart\" data-product_id=\"13331\" data-product_sku=\"UHAN-8\" aria-label=\"Dodaj v ko\u0161arico: &ldquo;Zvezdasti uhani s svetle\u010dimi listi\u010di in delci orhideje&rdquo;\" rel=\"nofollow\" data-success_message=\"&ldquo;Zvezdasti uhani s svetle\u010dimi listi\u010di in delci orhideje&rdquo; je bil dodan v va\u0161o ko\u0161arico\">Dodaj v ko\u0161arico<\/a>\t<span id=\"woocommerce_loop_add_to_cart_link_describedby_13331\" class=\"screen-reader-text\">\n\t\t\t<\/span>\n<\/li>\n<li class=\"product type-product post-13283 status-publish instock product_cat-klasicni-uhani has-post-thumbnail sold-individually purchasable product-type-simple\">\n\t<a href=\"https:\/\/orchidleja.com\/index.php\/izdelek\/uhani-v-obliki-srca-z-delci-cveta-orhideje\/\" class=\"woocommerce-LoopProduct-link woocommerce-loop-product__link\"><img decoding=\"async\" width=\"670\" height=\"670\" src=\"https:\/\/orchidleja.com\/wp-content\/uploads\/2025\/04\/uhani-srce-orhideja-pink-2-670x670.jpg\" class=\"attachment-woocommerce_thumbnail size-woocommerce_thumbnail\" alt=\"Uhani v obliki srca z delci cveta orhideje\" srcset=\"https:\/\/orchidleja.com\/wp-content\/uploads\/2025\/04\/uhani-srce-orhideja-pink-2-670x670.jpg 670w, https:\/\/orchidleja.com\/wp-content\/uploads\/2025\/04\/uhani-srce-orhideja-pink-2-300x300.jpg 300w, https:\/\/orchidleja.com\/wp-content\/uploads\/2025\/04\/uhani-srce-orhideja-pink-2-1024x1024.jpg 1024w, https:\/\/orchidleja.com\/wp-content\/uploads\/2025\/04\/uhani-srce-orhideja-pink-2-150x150.jpg 150w, https:\/\/orchidleja.com\/wp-content\/uploads\/2025\/04\/uhani-srce-orhideja-pink-2-768x768.jpg 768w, https:\/\/orchidleja.com\/wp-content\/uploads\/2025\/04\/uhani-srce-orhideja-pink-2-1536x1536.jpg 1536w, https:\/\/orchidleja.com\/wp-content\/uploads\/2025\/04\/uhani-srce-orhideja-pink-2-130x130.jpg 130w, https:\/\/orchidleja.com\/wp-content\/uploads\/2025\/04\/uhani-srce-orhideja-pink-2.jpg 2000w\" sizes=\"(max-width: 670px) 100vw, 670px\" \/><h2 class=\"woocommerce-loop-product__title\">Uhani v obliki srca z delci cveta orhideje<\/h2>\n\t<span class=\"price\"><span class=\"woocommerce-Price-amount amount\"><bdi>16,00&nbsp;<span class=\"woocommerce-Price-currencySymbol\">&euro;<\/span><\/bdi><\/span><\/span>\n<\/a><a href=\"?add-to-cart=13283\" aria-describedby=\"woocommerce_loop_add_to_cart_link_describedby_13283\" data-quantity=\"1\" class=\"button product_type_simple add_to_cart_button ajax_add_to_cart\" data-product_id=\"13283\" data-product_sku=\"UHAN-1\" aria-label=\"Dodaj v ko\u0161arico: &ldquo;Uhani v obliki srca z delci cveta orhideje&rdquo;\" rel=\"nofollow\" data-success_message=\"&ldquo;Uhani v obliki srca z delci cveta orhideje&rdquo; je bil dodan v va\u0161o ko\u0161arico\">Dodaj v ko\u0161arico<\/a>\t<span id=\"woocommerce_loop_add_to_cart_link_describedby_13283\" class=\"screen-reader-text\">\n\t\t\t<\/span>\n<\/li>\n<li class=\"product type-product post-13335 status-publish instock product_cat-klasicni-uhani has-post-thumbnail sold-individually purchasable product-type-simple\">\n\t<a href=\"https:\/\/orchidleja.com\/index.php\/izdelek\/okrogli-uhani-z-mozaikom-iz-cvetov-orhideje\/\" class=\"woocommerce-LoopProduct-link woocommerce-loop-product__link\"><img decoding=\"async\" width=\"670\" height=\"670\" src=\"https:\/\/orchidleja.com\/wp-content\/uploads\/2025\/05\/okrogli-uhani-mozaik-iz-orhidej-1-670x670.jpg\" class=\"attachment-woocommerce_thumbnail size-woocommerce_thumbnail\" alt=\"Okrogli uhani z mozaikom iz cvetov orhideje\" srcset=\"https:\/\/orchidleja.com\/wp-content\/uploads\/2025\/05\/okrogli-uhani-mozaik-iz-orhidej-1-670x670.jpg 670w, https:\/\/orchidleja.com\/wp-content\/uploads\/2025\/05\/okrogli-uhani-mozaik-iz-orhidej-1-300x300.jpg 300w, https:\/\/orchidleja.com\/wp-content\/uploads\/2025\/05\/okrogli-uhani-mozaik-iz-orhidej-1-1024x1024.jpg 1024w, https:\/\/orchidleja.com\/wp-content\/uploads\/2025\/05\/okrogli-uhani-mozaik-iz-orhidej-1-150x150.jpg 150w, https:\/\/orchidleja.com\/wp-content\/uploads\/2025\/05\/okrogli-uhani-mozaik-iz-orhidej-1-768x768.jpg 768w, https:\/\/orchidleja.com\/wp-content\/uploads\/2025\/05\/okrogli-uhani-mozaik-iz-orhidej-1-1536x1536.jpg 1536w, https:\/\/orchidleja.com\/wp-content\/uploads\/2025\/05\/okrogli-uhani-mozaik-iz-orhidej-1-130x130.jpg 130w, https:\/\/orchidleja.com\/wp-content\/uploads\/2025\/05\/okrogli-uhani-mozaik-iz-orhidej-1.jpg 2000w\" sizes=\"(max-width: 670px) 100vw, 670px\" \/><h2 class=\"woocommerce-loop-product__title\">Okrogli uhani z mozaikom iz cvetov orhideje<\/h2>\n\t<span class=\"price\"><span class=\"woocommerce-Price-amount amount\"><bdi>17,00&nbsp;<span class=\"woocommerce-Price-currencySymbol\">&euro;<\/span><\/bdi><\/span><\/span>\n<\/a><a href=\"?add-to-cart=13335\" aria-describedby=\"woocommerce_loop_add_to_cart_link_describedby_13335\" data-quantity=\"1\" class=\"button product_type_simple add_to_cart_button ajax_add_to_cart\" data-product_id=\"13335\" data-product_sku=\"UHAN-8-1\" aria-label=\"Dodaj v ko\u0161arico: &ldquo;Okrogli uhani z mozaikom iz cvetov orhideje&rdquo;\" rel=\"nofollow\" data-success_message=\"&ldquo;Okrogli uhani z mozaikom iz cvetov orhideje&rdquo; je bil dodan v va\u0161o ko\u0161arico\">Dodaj v ko\u0161arico<\/a>\t<span id=\"woocommerce_loop_add_to_cart_link_describedby_13335\" class=\"screen-reader-text\">\n\t\t\t<\/span>\n<\/li>\n<li class=\"product type-product post-13287 status-publish last instock product_cat-klasicni-uhani has-post-thumbnail sold-individually purchasable product-type-simple\">\n\t<a href=\"https:\/\/orchidleja.com\/index.php\/izdelek\/klasicni-okrogli-uhani-v-svetlih-tonih-z-delci-orhidej\/\" class=\"woocommerce-LoopProduct-link woocommerce-loop-product__link\"><img loading=\"lazy\" decoding=\"async\" width=\"670\" height=\"670\" src=\"https:\/\/orchidleja.com\/wp-content\/uploads\/2025\/04\/klasicni-okrogli-uhani-beli-orhideje-2-1-670x670.jpg\" class=\"attachment-woocommerce_thumbnail size-woocommerce_thumbnail\" alt=\"Klasi\u010dni okrogli uhani v svetlih tonih z delci orhidej\" srcset=\"https:\/\/orchidleja.com\/wp-content\/uploads\/2025\/04\/klasicni-okrogli-uhani-beli-orhideje-2-1-670x670.jpg 670w, https:\/\/orchidleja.com\/wp-content\/uploads\/2025\/04\/klasicni-okrogli-uhani-beli-orhideje-2-1-300x300.jpg 300w, https:\/\/orchidleja.com\/wp-content\/uploads\/2025\/04\/klasicni-okrogli-uhani-beli-orhideje-2-1-1024x1024.jpg 1024w, https:\/\/orchidleja.com\/wp-content\/uploads\/2025\/04\/klasicni-okrogli-uhani-beli-orhideje-2-1-150x150.jpg 150w, https:\/\/orchidleja.com\/wp-content\/uploads\/2025\/04\/klasicni-okrogli-uhani-beli-orhideje-2-1-768x768.jpg 768w, https:\/\/orchidleja.com\/wp-content\/uploads\/2025\/04\/klasicni-okrogli-uhani-beli-orhideje-2-1-1536x1536.jpg 1536w, https:\/\/orchidleja.com\/wp-content\/uploads\/2025\/04\/klasicni-okrogli-uhani-beli-orhideje-2-1-130x130.jpg 130w, https:\/\/orchidleja.com\/wp-content\/uploads\/2025\/04\/klasicni-okrogli-uhani-beli-orhideje-2-1.jpg 2000w\" sizes=\"(max-width: 670px) 100vw, 670px\" \/><h2 class=\"woocommerce-loop-product__title\">Klasi\u010dni okrogli uhani v svetlih tonih z delci orhidej<\/h2>\n\t<span class=\"price\"><span class=\"woocommerce-Price-amount amount\"><bdi>13,00&nbsp;<span class=\"woocommerce-Price-currencySymbol\">&euro;<\/span><\/bdi><\/span><\/span>\n<\/a><a href=\"?add-to-cart=13287\" aria-describedby=\"woocommerce_loop_add_to_cart_link_describedby_13287\" data-quantity=\"1\" class=\"button product_type_simple add_to_cart_button ajax_add_to_cart\" data-product_id=\"13287\" data-product_sku=\"UHAN-2\" aria-label=\"Dodaj v ko\u0161arico: &ldquo;Klasi\u010dni okrogli uhani v svetlih tonih z delci orhidej&rdquo;\" rel=\"nofollow\" data-success_message=\"&ldquo;Klasi\u010dni okrogli uhani v svetlih tonih z delci orhidej&rdquo; je bil dodan v va\u0161o ko\u0161arico\">Dodaj v ko\u0161arico<\/a>\t<span id=\"woocommerce_loop_add_to_cart_link_describedby_13287\" class=\"screen-reader-text\">\n\t\t\t<\/span>\n<\/li>\n<li class=\"product type-product post-13339 status-publish first instock product_cat-prstani has-post-thumbnail sold-individually purchasable product-type-simple\">\n\t<a href=\"https:\/\/orchidleja.com\/index.php\/izdelek\/veliki-prstan-v-svetlo-zeleni-barvi-z-mozaikom-orhidej\/\" class=\"woocommerce-LoopProduct-link woocommerce-loop-product__link\"><img loading=\"lazy\" decoding=\"async\" width=\"670\" height=\"670\" src=\"https:\/\/orchidleja.com\/wp-content\/uploads\/2025\/05\/velik-prstan-svetlo-zelena-mozaik-orhideja-2-670x670.jpg\" class=\"attachment-woocommerce_thumbnail size-woocommerce_thumbnail\" alt=\"Veliki prstan v svetlo zeleni barvi z mozaikom orhidej\" srcset=\"https:\/\/orchidleja.com\/wp-content\/uploads\/2025\/05\/velik-prstan-svetlo-zelena-mozaik-orhideja-2-670x670.jpg 670w, https:\/\/orchidleja.com\/wp-content\/uploads\/2025\/05\/velik-prstan-svetlo-zelena-mozaik-orhideja-2-300x300.jpg 300w, https:\/\/orchidleja.com\/wp-content\/uploads\/2025\/05\/velik-prstan-svetlo-zelena-mozaik-orhideja-2-1024x1024.jpg 1024w, https:\/\/orchidleja.com\/wp-content\/uploads\/2025\/05\/velik-prstan-svetlo-zelena-mozaik-orhideja-2-150x150.jpg 150w, https:\/\/orchidleja.com\/wp-content\/uploads\/2025\/05\/velik-prstan-svetlo-zelena-mozaik-orhideja-2-768x768.jpg 768w, https:\/\/orchidleja.com\/wp-content\/uploads\/2025\/05\/velik-prstan-svetlo-zelena-mozaik-orhideja-2-1536x1536.jpg 1536w, https:\/\/orchidleja.com\/wp-content\/uploads\/2025\/05\/velik-prstan-svetlo-zelena-mozaik-orhideja-2-130x130.jpg 130w, https:\/\/orchidleja.com\/wp-content\/uploads\/2025\/05\/velik-prstan-svetlo-zelena-mozaik-orhideja-2.jpg 2000w\" sizes=\"(max-width: 670px) 100vw, 670px\" \/><h2 class=\"woocommerce-loop-product__title\">Veliki prstan v svetlo zeleni barvi z mozaikom orhidej<\/h2>\n\t<span class=\"price\"><span class=\"woocommerce-Price-amount amount\"><bdi>20,00&nbsp;<span class=\"woocommerce-Price-currencySymbol\">&euro;<\/span><\/bdi><\/span><\/span>\n<\/a><a href=\"?add-to-cart=13339\" aria-describedby=\"woocommerce_loop_add_to_cart_link_describedby_13339\" data-quantity=\"1\" class=\"button product_type_simple add_to_cart_button ajax_add_to_cart\" data-product_id=\"13339\" data-product_sku=\"PRST-3\" aria-label=\"Dodaj v ko\u0161arico: &ldquo;Veliki prstan v svetlo zeleni barvi z mozaikom orhidej&rdquo;\" rel=\"nofollow\" data-success_message=\"&ldquo;Veliki prstan v svetlo zeleni barvi z mozaikom orhidej&rdquo; je bil dodan v va\u0161o ko\u0161arico\">Dodaj v ko\u0161arico<\/a>\t<span id=\"woocommerce_loop_add_to_cart_link_describedby_13339\" class=\"screen-reader-text\">\n\t\t\t<\/span>\n<\/li>\n<li class=\"product type-product post-13206 status-publish instock product_cat-ogrlice has-post-thumbnail sold-individually purchasable product-type-simple\">\n\t<a href=\"https:\/\/orchidleja.com\/index.php\/izdelek\/medaljon-z-orhidejo-xxl\/\" class=\"woocommerce-LoopProduct-link woocommerce-loop-product__link\"><img loading=\"lazy\" decoding=\"async\" width=\"670\" height=\"670\" src=\"https:\/\/orchidleja.com\/wp-content\/uploads\/2025\/03\/Medaljon-ploski-orhideje-cvet-2-670x670.jpg\" class=\"attachment-woocommerce_thumbnail size-woocommerce_thumbnail\" alt=\"Ploski medaljon z orhidejo v vijoli\u010dnih tonih\" srcset=\"https:\/\/orchidleja.com\/wp-content\/uploads\/2025\/03\/Medaljon-ploski-orhideje-cvet-2-670x670.jpg 670w, https:\/\/orchidleja.com\/wp-content\/uploads\/2025\/03\/Medaljon-ploski-orhideje-cvet-2-300x300.jpg 300w, https:\/\/orchidleja.com\/wp-content\/uploads\/2025\/03\/Medaljon-ploski-orhideje-cvet-2-1024x1024.jpg 1024w, https:\/\/orchidleja.com\/wp-content\/uploads\/2025\/03\/Medaljon-ploski-orhideje-cvet-2-150x150.jpg 150w, https:\/\/orchidleja.com\/wp-content\/uploads\/2025\/03\/Medaljon-ploski-orhideje-cvet-2-768x768.jpg 768w, https:\/\/orchidleja.com\/wp-content\/uploads\/2025\/03\/Medaljon-ploski-orhideje-cvet-2-1536x1536.jpg 1536w, https:\/\/orchidleja.com\/wp-content\/uploads\/2025\/03\/Medaljon-ploski-orhideje-cvet-2-130x130.jpg 130w, https:\/\/orchidleja.com\/wp-content\/uploads\/2025\/03\/Medaljon-ploski-orhideje-cvet-2.jpg 2000w\" sizes=\"(max-width: 670px) 100vw, 670px\" \/><h2 class=\"woocommerce-loop-product__title\">Ploski medaljon z orhidejo v vijoli\u010dnih tonih<\/h2>\n\t<span class=\"price\"><span class=\"woocommerce-Price-amount amount\"><bdi>48,00&nbsp;<span class=\"woocommerce-Price-currencySymbol\">&euro;<\/span><\/bdi><\/span><\/span>\n<\/a><a href=\"?add-to-cart=13206\" aria-describedby=\"woocommerce_loop_add_to_cart_link_describedby_13206\" data-quantity=\"1\" class=\"button product_type_simple add_to_cart_button ajax_add_to_cart\" data-product_id=\"13206\" data-product_sku=\"OBES-2\" aria-label=\"Dodaj v ko\u0161arico: &ldquo;Ploski medaljon z orhidejo v vijoli\u010dnih tonih&rdquo;\" rel=\"nofollow\" data-success_message=\"&ldquo;Ploski medaljon z orhidejo v vijoli\u010dnih tonih&rdquo; je bil dodan v va\u0161o ko\u0161arico\">Dodaj v ko\u0161arico<\/a>\t<span id=\"woocommerce_loop_add_to_cart_link_describedby_13206\" class=\"screen-reader-text\">\n\t\t\t<\/span>\n<\/li>\n<li class=\"product type-product post-13292 status-publish instock product_cat-klasicni-uhani has-post-thumbnail sold-individually purchasable product-type-simple\">\n\t<a href=\"https:\/\/orchidleja.com\/index.php\/izdelek\/klasicni-okrogli-uhani-v-vijolcnih-tonih-z-zlato-osnovo\/\" class=\"woocommerce-LoopProduct-link woocommerce-loop-product__link\"><img loading=\"lazy\" decoding=\"async\" width=\"670\" height=\"670\" src=\"https:\/\/orchidleja.com\/wp-content\/uploads\/2025\/04\/zlati-klasicni-uhani-z-orhidejo-1-670x670.jpg\" class=\"attachment-woocommerce_thumbnail size-woocommerce_thumbnail\" alt=\"Klasi\u010dni okrogli uhani v vijol\u010dnih tonih z zlato osnovo\" srcset=\"https:\/\/orchidleja.com\/wp-content\/uploads\/2025\/04\/zlati-klasicni-uhani-z-orhidejo-1-670x670.jpg 670w, https:\/\/orchidleja.com\/wp-content\/uploads\/2025\/04\/zlati-klasicni-uhani-z-orhidejo-1-300x300.jpg 300w, https:\/\/orchidleja.com\/wp-content\/uploads\/2025\/04\/zlati-klasicni-uhani-z-orhidejo-1-1024x1024.jpg 1024w, https:\/\/orchidleja.com\/wp-content\/uploads\/2025\/04\/zlati-klasicni-uhani-z-orhidejo-1-150x150.jpg 150w, https:\/\/orchidleja.com\/wp-content\/uploads\/2025\/04\/zlati-klasicni-uhani-z-orhidejo-1-768x768.jpg 768w, https:\/\/orchidleja.com\/wp-content\/uploads\/2025\/04\/zlati-klasicni-uhani-z-orhidejo-1-1536x1536.jpg 1536w, https:\/\/orchidleja.com\/wp-content\/uploads\/2025\/04\/zlati-klasicni-uhani-z-orhidejo-1-130x130.jpg 130w, https:\/\/orchidleja.com\/wp-content\/uploads\/2025\/04\/zlati-klasicni-uhani-z-orhidejo-1.jpg 2000w\" sizes=\"(max-width: 670px) 100vw, 670px\" \/><h2 class=\"woocommerce-loop-product__title\">Klasi\u010dni okrogli uhani v vijol\u010dnih tonih z zlato osnovo<\/h2>\n\t<span class=\"price\"><span class=\"woocommerce-Price-amount amount\"><bdi>15,00&nbsp;<span class=\"woocommerce-Price-currencySymbol\">&euro;<\/span><\/bdi><\/span><\/span>\n<\/a><a href=\"?add-to-cart=13292\" aria-describedby=\"woocommerce_loop_add_to_cart_link_describedby_13292\" data-quantity=\"1\" class=\"button product_type_simple add_to_cart_button ajax_add_to_cart\" data-product_id=\"13292\" data-product_sku=\"UHAN-3\" aria-label=\"Dodaj v ko\u0161arico: &ldquo;Klasi\u010dni okrogli uhani v vijol\u010dnih tonih z zlato osnovo&rdquo;\" rel=\"nofollow\" data-success_message=\"&ldquo;Klasi\u010dni okrogli uhani v vijol\u010dnih tonih z zlato osnovo&rdquo; je bil dodan v va\u0161o ko\u0161arico\">Dodaj v ko\u0161arico<\/a>\t<span id=\"woocommerce_loop_add_to_cart_link_describedby_13292\" class=\"screen-reader-text\">\n\t\t\t<\/span>\n<\/li>\n<li class=\"product type-product post-12519 status-publish last instock product_cat-ogrlice has-post-thumbnail sale sold-individually purchasable product-type-simple\">\n\t<a href=\"https:\/\/orchidleja.com\/index.php\/izdelek\/uhani-srce-z-pravo-rozo\/\" class=\"woocommerce-LoopProduct-link woocommerce-loop-product__link\">\n\t<span class=\"onsale\">Akcija!<\/span>\n\t<img loading=\"lazy\" decoding=\"async\" width=\"670\" height=\"670\" src=\"https:\/\/orchidleja.com\/wp-content\/uploads\/2023\/02\/medaljon-orhideja-xxl-1-670x670.jpg\" class=\"attachment-woocommerce_thumbnail size-woocommerce_thumbnail\" alt=\"Klasi\u010dni medaljon z orhidejo v vijoli\u010dno roza tonih\" srcset=\"https:\/\/orchidleja.com\/wp-content\/uploads\/2023\/02\/medaljon-orhideja-xxl-1-670x670.jpg 670w, https:\/\/orchidleja.com\/wp-content\/uploads\/2023\/02\/medaljon-orhideja-xxl-1-300x300.jpg 300w, https:\/\/orchidleja.com\/wp-content\/uploads\/2023\/02\/medaljon-orhideja-xxl-1-1024x1024.jpg 1024w, https:\/\/orchidleja.com\/wp-content\/uploads\/2023\/02\/medaljon-orhideja-xxl-1-150x150.jpg 150w, https:\/\/orchidleja.com\/wp-content\/uploads\/2023\/02\/medaljon-orhideja-xxl-1-768x768.jpg 768w, https:\/\/orchidleja.com\/wp-content\/uploads\/2023\/02\/medaljon-orhideja-xxl-1-1536x1536.jpg 1536w, https:\/\/orchidleja.com\/wp-content\/uploads\/2023\/02\/medaljon-orhideja-xxl-1-130x130.jpg 130w, https:\/\/orchidleja.com\/wp-content\/uploads\/2023\/02\/medaljon-orhideja-xxl-1.jpg 2000w\" sizes=\"(max-width: 670px) 100vw, 670px\" \/><h2 class=\"woocommerce-loop-product__title\">Klasi\u010dni medaljon z orhidejo v vijoli\u010dno roza tonih<\/h2>\n\t<span class=\"price\"><del aria-hidden=\"true\"><span class=\"woocommerce-Price-amount amount\"><bdi>52,00&nbsp;<span class=\"woocommerce-Price-currencySymbol\">&euro;<\/span><\/bdi><\/span><\/del> <span class=\"screen-reader-text\">Izvirna cena je bila: 52,00&nbsp;&euro;.<\/span><ins aria-hidden=\"true\"><span class=\"woocommerce-Price-amount amount\"><bdi>48,00&nbsp;<span class=\"woocommerce-Price-currencySymbol\">&euro;<\/span><\/bdi><\/span><\/ins><span class=\"screen-reader-text\">Trenutna cena je: 48,00&nbsp;&euro;.<\/span><\/span>\n<\/a><a href=\"?add-to-cart=12519\" aria-describedby=\"woocommerce_loop_add_to_cart_link_describedby_12519\" data-quantity=\"1\" class=\"button product_type_simple add_to_cart_button ajax_add_to_cart\" data-product_id=\"12519\" data-product_sku=\"OBES-1\" aria-label=\"Dodaj v ko\u0161arico: &ldquo;Klasi\u010dni medaljon z orhidejo v vijoli\u010dno roza tonih&rdquo;\" rel=\"nofollow\" data-success_message=\"&ldquo;Klasi\u010dni medaljon z orhidejo v vijoli\u010dno roza tonih&rdquo; je bil dodan v va\u0161o ko\u0161arico\">Dodaj v ko\u0161arico<\/a>\t<span id=\"woocommerce_loop_add_to_cart_link_describedby_12519\" class=\"screen-reader-text\">\n\t\t\t<\/span>\n<\/li>\n<\/ul>\n<\/div>\t\t<\/div>\r\n\t\t\t\t<\/div>\n\t\t\t\t<\/div>\n\t\t\t\t\t<\/div>\n\t\t<\/div>\n\t\t\t\t\t<\/div>\n\t\t<\/section>\n\t\t\t\t<\/div>\n\t\t","protected":false},"excerpt":{"rendered":"<p>Add to cart Quick View Add to wishlist Bag Cross Body Mini Bag &pound;&nbsp;29.54 Add to cart Quick View Add to wishlist Bag Travel Large Trifold Wallet &pound;&nbsp;95.27 NewAdd to cart Quick View Add to wishlist T-Shirts Crew Neck T-shirt &pound;&nbsp;98.96 -9% Add to cart Quick View Add to wishlist Dresses Basic Dress Green &pound;&nbsp;174.30 [&hellip;]<\/p>\n","protected":false},"author":2759,"featured_media":0,"parent":0,"menu_order":0,"comment_status":"closed","ping_status":"open","template":"","meta":{"_eb_attr":"","footnotes":""},"class_list":["post-7089","page","type-page","status-publish","hentry"],"_links":{"self":[{"href":"https:\/\/orchidleja.com\/index.php\/wp-json\/wp\/v2\/pages\/7089","targetHints":{"allow":["GET"]}}],"collection":[{"href":"https:\/\/orchidleja.com\/index.php\/wp-json\/wp\/v2\/pages"}],"about":[{"href":"https:\/\/orchidleja.com\/index.php\/wp-json\/wp\/v2\/types\/page"}],"author":[{"embeddable":true,"href":"https:\/\/orchidleja.com\/index.php\/wp-json\/wp\/v2\/users\/2759"}],"replies":[{"embeddable":true,"href":"https:\/\/orchidleja.com\/index.php\/wp-json\/wp\/v2\/comments?post=7089"}],"version-history":[{"count":1,"href":"https:\/\/orchidleja.com\/index.php\/wp-json\/wp\/v2\/pages\/7089\/revisions"}],"predecessor-version":[{"id":12315,"href":"https:\/\/orchidleja.com\/index.php\/wp-json\/wp\/v2\/pages\/7089\/revisions\/12315"}],"wp:attachment":[{"href":"https:\/\/orchidleja.com\/index.php\/wp-json\/wp\/v2\/media?parent=7089"}],"curies":[{"name":"wp","href":"https:\/\/api.w.org\/{rel}","templated":true}]}}