{"id":7157,"date":"2021-01-04T03:56:17","date_gmt":"2021-01-04T03:56:17","guid":{"rendered":"https:\/\/demo4.drfuri.com\/razzi\/?page_id=7157"},"modified":"2021-01-04T03:56:17","modified_gmt":"2021-01-04T03:56:17","slug":"product-deal","status":"publish","type":"page","link":"https:\/\/orchidleja.com\/index.php\/product-deal\/","title":{"rendered":"Product Deal"},"content":{"rendered":"\t\t<div data-elementor-type=\"wp-page\" data-elementor-id=\"7157\" class=\"elementor elementor-7157\">\n\t\t\t\t\t\t<section class=\"elementor-section elementor-top-section elementor-element elementor-element-f220cdb elementor-section-boxed elementor-section-height-default elementor-section-height-default\" data-id=\"f220cdb\" data-element_type=\"section\">\n\t\t\t\t\t\t<div class=\"elementor-container elementor-column-gap-default\">\n\t\t\t\t\t<div class=\"elementor-column elementor-col-100 elementor-top-column elementor-element elementor-element-c5e1b0b\" data-id=\"c5e1b0b\" data-element_type=\"column\">\n\t\t\t<div class=\"elementor-widget-wrap elementor-element-populated\">\n\t\t\t\t\t\t<div class=\"elementor-element elementor-element-dca693d elementor-widget elementor-widget-razzi-products-deal\" data-id=\"dca693d\" data-element_type=\"widget\" data-settings=\"{&quot;navigation_mobile&quot;:&quot;dots&quot;,&quot;slidesToShow&quot;:3,&quot;slidesToScroll&quot;:3,&quot;navigation&quot;:&quot;dots&quot;,&quot;speed&quot;:800}\" data-widget_type=\"razzi-products-deal.default\">\n\t\t\t\t<div class=\"elementor-widget-container\">\n\t\t\t<div class=\"razzi-products-deal razzi-swiper-carousel-elementor   show-quickview show-addtocart show-wishlist navigation-dots navigation-tablet-dots navigation-mobile-dots\"><div class=\"product-content swiper-container linked-products-deal-carousel\"><ul class=\"products shortcode-element product-loop-layout-deal swiper-wrapper mobile-show-atc mobile-show-featured-icons\"><li class=\"product type-product post-13331 status-publish first instock product_cat-klasicni-uhani has-post-thumbnail sale sold-individually purchasable product-type-simple\">\n\t<div class=\"product-inner\"><div class=\"product-thumbnail\"><a href=\"https:\/\/orchidleja.com\/index.php\/izdelek\/zvezdasti-uhani-s-svetlecimi-listici-in-delci-orhideje\/\" class=\"woocommerce-LoopProduct-link woocommerce-loop-product__link\"><img fetchpriority=\"high\" decoding=\"async\" width=\"670\" height=\"670\" src=\"https:\/\/orchidleja.com\/wp-content\/uploads\/2025\/05\/star-klasicni-uhani-orhideje-listici-2-670x670.jpg\" class=\"attachment-woocommerce_thumbnail size-woocommerce_thumbnail\" alt=\"Zvezdasti uhani s svetle\u010dimi listi\u010di in delci orhideje\" srcset=\"https:\/\/orchidleja.com\/wp-content\/uploads\/2025\/05\/star-klasicni-uhani-orhideje-listici-2-670x670.jpg 670w, https:\/\/orchidleja.com\/wp-content\/uploads\/2025\/05\/star-klasicni-uhani-orhideje-listici-2-300x300.jpg 300w, https:\/\/orchidleja.com\/wp-content\/uploads\/2025\/05\/star-klasicni-uhani-orhideje-listici-2-1024x1024.jpg 1024w, https:\/\/orchidleja.com\/wp-content\/uploads\/2025\/05\/star-klasicni-uhani-orhideje-listici-2-150x150.jpg 150w, https:\/\/orchidleja.com\/wp-content\/uploads\/2025\/05\/star-klasicni-uhani-orhideje-listici-2-768x768.jpg 768w, https:\/\/orchidleja.com\/wp-content\/uploads\/2025\/05\/star-klasicni-uhani-orhideje-listici-2-1536x1536.jpg 1536w, https:\/\/orchidleja.com\/wp-content\/uploads\/2025\/05\/star-klasicni-uhani-orhideje-listici-2-130x130.jpg 130w, https:\/\/orchidleja.com\/wp-content\/uploads\/2025\/05\/star-klasicni-uhani-orhideje-listici-2.jpg 2000w\" sizes=\"(max-width: 670px) 100vw, 670px\" \/><\/a><div class=\"product-loop__buttons\"><a href=\"?add-to-cart=13331\" aria-describedby=\"woocommerce_loop_add_to_cart_link_describedby_13331\" data-quantity=\"1\" class=\"button product_type_simple add_to_cart_button ajax_add_to_cart\" data-product_id=\"13331\" data-product_sku=\"UHAN-8\" aria-label=\"Dodaj v ko\u0161arico: &ldquo;Zvezdasti uhani s svetle\u010dimi listi\u010di in delci orhideje&rdquo;\" rel=\"nofollow\" data-success_message=\"&ldquo;Zvezdasti uhani s svetle\u010dimi listi\u010di in delci orhideje&rdquo; je bil dodan v va\u0161o ko\u0161arico\">Dodaj v ko\u0161arico<\/a>\t<span id=\"woocommerce_loop_add_to_cart_link_describedby_13331\" class=\"screen-reader-text\">\n\t\t\t<\/span>\n<a href=\"https:\/\/orchidleja.com\/index.php\/izdelek\/zvezdasti-uhani-s-svetlecimi-listici-in-delci-orhideje\/\" class=\"quick-view-button rz-loop_button\" data-target=\"quick-view-modal\" data-toggle=\"modal\" data-id=\"13331\" data-text=\"Quick View\">\r\n\t\t\t\t<span class=\"razzi-svg-icon \"><svg aria-hidden=\"true\" role=\"img\" focusable=\"false\" xmlns=\"http:\/\/www.w3.org\/2000\/svg\" width=\"24\" height=\"24\" viewBox=\"0 0 24 24\" fill=\"none\" stroke=\"currentColor\" stroke-width=\"2\" stroke-linecap=\"round\" stroke-linejoin=\"round\" ><path d=\"M1 12s4-8 11-8 11 8 11 8-4 8-11 8-11-8-11-8z\"><\/path><circle cx=\"12\" cy=\"12\" r=\"3\"><\/circle><\/svg><\/span><span class=\"quick-view-text loop_button-text\">Quick View<\/span>\r\n\t\t\t<\/a>\n<div\n\tclass=\"yith-wcwl-add-to-wishlist add-to-wishlist-13331 yith-wcwl-add-to-wishlist--link-style wishlist-fragment on-first-load\"\n\tdata-fragment-ref=\"13331\"\n\tdata-fragment-options=\"{&quot;base_url&quot;:&quot;&quot;,&quot;product_id&quot;:13331,&quot;parent_product_id&quot;:0,&quot;product_type&quot;:&quot;simple&quot;,&quot;is_single&quot;:false,&quot;in_default_wishlist&quot;:false,&quot;show_view&quot;:false,&quot;browse_wishlist_text&quot;:&quot;Preglej seznam \\u017eelja&quot;,&quot;already_in_wishslist_text&quot;:&quot;Ta izdelek je \\u017ee v seznamu \\u017eelja!&quot;,&quot;product_added_text&quot;:&quot;Izdelek dodan!&quot;,&quot;available_multi_wishlist&quot;:false,&quot;disable_wishlist&quot;:false,&quot;show_count&quot;:false,&quot;ajax_loading&quot;:false,&quot;loop_position&quot;:&quot;after_add_to_cart&quot;,&quot;item&quot;:&quot;add_to_wishlist&quot;}\"\n>\n\t\t\t\n\t\t\t<!-- ADD TO WISHLIST -->\n\t\t\t\n<div class=\"yith-wcwl-add-button\">\n\t<a href=\"?add_to_wishlist=13331\"\n\t\trel=\"nofollow\" data-product-id=\"13331\"\n\t\tdata-product-type=\"simple\"\n\t\tdata-original-product-id=\"0\" class=\"rz-loop_button add_to_wishlist single_add_to_wishlist\"\n\t\tdata-title=\"Dodaj v seznam \u017eelja\"\n\t\tdata-text=\"Dodaj v seznam \u017eelja\"\n\t\tdata-product-title=\"Zvezdasti uhani s svetle\u010dimi listi\u010di in delci orhideje\">\n\t\t<svg id=\"yith-wcwl-icon-heart-outline\" class=\"yith-wcwl-icon-svg\" fill=\"none\" stroke-width=\"1.5\" stroke=\"currentColor\" viewBox=\"0 0 24 24\" xmlns=\"http:\/\/www.w3.org\/2000\/svg\">\n  <path stroke-linecap=\"round\" stroke-linejoin=\"round\" d=\"M21 8.25c0-2.485-2.099-4.5-4.688-4.5-1.935 0-3.597 1.126-4.312 2.733-.715-1.607-2.377-2.733-4.313-2.733C5.1 3.75 3 5.765 3 8.25c0 7.22 9 12 9 12s9-4.78 9-12Z\"><\/path>\n<\/svg>\t\t<span class=\"loop_button-text\">Dodaj v seznam \u017eelja<\/span>\n\t<\/a>\n<\/div>\n\t\t\t<!-- COUNT TEXT -->\n\t\t\t\n\t\t\t<\/div>\n<\/div><\/div><div class=\"product-summary\"><div class=\"product-summary-deal\"><a class=\"meta-cat\" href=\"https:\/\/orchidleja.com\/index.php\/kategorija-izdelka\/nakit-in-modni-dodatki\/klasicni-uhani\/\">Klasi\u010dni uhani<\/a><h2 class=\"woocommerce-loop-product__title\"><a href=\"https:\/\/orchidleja.com\/index.php\/izdelek\/zvezdasti-uhani-s-svetlecimi-listici-in-delci-orhideje\/\" class=\"woocommerce-LoopProduct-link woocommerce-loop-product__link\">Zvezdasti uhani s svetle\u010dimi listi\u010di in delci orhideje<\/a><\/h2>\n\t<span class=\"price\"><del aria-hidden=\"true\"><span class=\"woocommerce-Price-amount amount\"><bdi>14,00&nbsp;<span class=\"woocommerce-Price-currencySymbol\">&euro;<\/span><\/bdi><\/span><\/del> <span class=\"screen-reader-text\">Izvirna cena je bila: 14,00&nbsp;&euro;.<\/span><ins aria-hidden=\"true\"><span class=\"woocommerce-Price-amount amount\"><bdi>13,00&nbsp;<span class=\"woocommerce-Price-currencySymbol\">&euro;<\/span><\/bdi><\/span><\/ins><span class=\"screen-reader-text\">Trenutna cena je: 13,00&nbsp;&euro;.<\/span><\/span>\n<a href=\"?add-to-cart=13331\" aria-describedby=\"woocommerce_loop_add_to_cart_link_describedby_13331\" data-quantity=\"1\" class=\"button product_type_simple add_to_cart_button ajax_add_to_cart\" data-product_id=\"13331\" data-product_sku=\"UHAN-8\" aria-label=\"Dodaj v ko\u0161arico: &ldquo;Zvezdasti uhani s svetle\u010dimi listi\u010di in delci orhideje&rdquo;\" rel=\"nofollow\" data-success_message=\"&ldquo;Zvezdasti uhani s svetle\u010dimi listi\u010di in delci orhideje&rdquo; je bil dodan v va\u0161o ko\u0161arico\">Dodaj v ko\u0161arico<\/a>\t<span id=\"woocommerce_loop_add_to_cart_link_describedby_13331\" class=\"screen-reader-text\">\n\t\t\t<\/span>\n<\/div><\/div><\/div><\/li>\n<li class=\"product type-product post-13236 status-publish instock product_cat-kompleti product_cat-ogrlice product_cat-viseci-uhani has-post-thumbnail sale sold-individually purchasable product-type-simple\">\n\t<div class=\"product-inner\"><div class=\"product-thumbnail\"><a href=\"https:\/\/orchidleja.com\/index.php\/izdelek\/komplet-nakita-iz-delcev-cvetov-orhideje\/\" class=\"woocommerce-LoopProduct-link woocommerce-loop-product__link\"><img decoding=\"async\" width=\"670\" height=\"670\" src=\"https:\/\/orchidleja.com\/wp-content\/uploads\/2025\/03\/komplet-nakita-iz-delcev-cveta-orhideje-4-670x670.jpg\" class=\"attachment-woocommerce_thumbnail size-woocommerce_thumbnail\" alt=\"Komplet nakita iz delcev cvetov orhideje\" srcset=\"https:\/\/orchidleja.com\/wp-content\/uploads\/2025\/03\/komplet-nakita-iz-delcev-cveta-orhideje-4-670x670.jpg 670w, https:\/\/orchidleja.com\/wp-content\/uploads\/2025\/03\/komplet-nakita-iz-delcev-cveta-orhideje-4-300x300.jpg 300w, https:\/\/orchidleja.com\/wp-content\/uploads\/2025\/03\/komplet-nakita-iz-delcev-cveta-orhideje-4-1024x1024.jpg 1024w, https:\/\/orchidleja.com\/wp-content\/uploads\/2025\/03\/komplet-nakita-iz-delcev-cveta-orhideje-4-150x150.jpg 150w, https:\/\/orchidleja.com\/wp-content\/uploads\/2025\/03\/komplet-nakita-iz-delcev-cveta-orhideje-4-768x768.jpg 768w, https:\/\/orchidleja.com\/wp-content\/uploads\/2025\/03\/komplet-nakita-iz-delcev-cveta-orhideje-4-1536x1536.jpg 1536w, https:\/\/orchidleja.com\/wp-content\/uploads\/2025\/03\/komplet-nakita-iz-delcev-cveta-orhideje-4-130x130.jpg 130w, https:\/\/orchidleja.com\/wp-content\/uploads\/2025\/03\/komplet-nakita-iz-delcev-cveta-orhideje-4.jpg 2000w\" sizes=\"(max-width: 670px) 100vw, 670px\" \/><\/a><div class=\"product-loop__buttons\"><a href=\"?add-to-cart=13236\" aria-describedby=\"woocommerce_loop_add_to_cart_link_describedby_13236\" data-quantity=\"1\" class=\"button product_type_simple add_to_cart_button ajax_add_to_cart\" data-product_id=\"13236\" data-product_sku=\"KOMP-1\" aria-label=\"Dodaj v ko\u0161arico: &ldquo;Komplet nakita iz delcev cvetov orhideje&rdquo;\" rel=\"nofollow\" data-success_message=\"&ldquo;Komplet nakita iz delcev cvetov orhideje&rdquo; je bil dodan v va\u0161o ko\u0161arico\">Dodaj v ko\u0161arico<\/a>\t<span id=\"woocommerce_loop_add_to_cart_link_describedby_13236\" class=\"screen-reader-text\">\n\t\t\t<\/span>\n<a href=\"https:\/\/orchidleja.com\/index.php\/izdelek\/komplet-nakita-iz-delcev-cvetov-orhideje\/\" class=\"quick-view-button rz-loop_button\" data-target=\"quick-view-modal\" data-toggle=\"modal\" data-id=\"13236\" data-text=\"Quick View\">\r\n\t\t\t\t<span class=\"razzi-svg-icon \"><svg aria-hidden=\"true\" role=\"img\" focusable=\"false\" xmlns=\"http:\/\/www.w3.org\/2000\/svg\" width=\"24\" height=\"24\" viewBox=\"0 0 24 24\" fill=\"none\" stroke=\"currentColor\" stroke-width=\"2\" stroke-linecap=\"round\" stroke-linejoin=\"round\" ><path d=\"M1 12s4-8 11-8 11 8 11 8-4 8-11 8-11-8-11-8z\"><\/path><circle cx=\"12\" cy=\"12\" r=\"3\"><\/circle><\/svg><\/span><span class=\"quick-view-text loop_button-text\">Quick View<\/span>\r\n\t\t\t<\/a>\n<div\n\tclass=\"yith-wcwl-add-to-wishlist add-to-wishlist-13236 yith-wcwl-add-to-wishlist--link-style wishlist-fragment on-first-load\"\n\tdata-fragment-ref=\"13236\"\n\tdata-fragment-options=\"{&quot;base_url&quot;:&quot;&quot;,&quot;product_id&quot;:13236,&quot;parent_product_id&quot;:0,&quot;product_type&quot;:&quot;simple&quot;,&quot;is_single&quot;:false,&quot;in_default_wishlist&quot;:false,&quot;show_view&quot;:false,&quot;browse_wishlist_text&quot;:&quot;Preglej seznam \\u017eelja&quot;,&quot;already_in_wishslist_text&quot;:&quot;Ta izdelek je \\u017ee v seznamu \\u017eelja!&quot;,&quot;product_added_text&quot;:&quot;Izdelek dodan!&quot;,&quot;available_multi_wishlist&quot;:false,&quot;disable_wishlist&quot;:false,&quot;show_count&quot;:false,&quot;ajax_loading&quot;:false,&quot;loop_position&quot;:&quot;after_add_to_cart&quot;,&quot;item&quot;:&quot;add_to_wishlist&quot;}\"\n>\n\t\t\t\n\t\t\t<!-- ADD TO WISHLIST -->\n\t\t\t\n<div class=\"yith-wcwl-add-button\">\n\t<a href=\"?add_to_wishlist=13236\"\n\t\trel=\"nofollow\" data-product-id=\"13236\"\n\t\tdata-product-type=\"simple\"\n\t\tdata-original-product-id=\"0\" class=\"rz-loop_button add_to_wishlist single_add_to_wishlist\"\n\t\tdata-title=\"Dodaj v seznam \u017eelja\"\n\t\tdata-text=\"Dodaj v seznam \u017eelja\"\n\t\tdata-product-title=\"Komplet nakita iz delcev cvetov orhideje\">\n\t\t<svg id=\"yith-wcwl-icon-heart-outline\" class=\"yith-wcwl-icon-svg\" fill=\"none\" stroke-width=\"1.5\" stroke=\"currentColor\" viewBox=\"0 0 24 24\" xmlns=\"http:\/\/www.w3.org\/2000\/svg\">\n  <path stroke-linecap=\"round\" stroke-linejoin=\"round\" d=\"M21 8.25c0-2.485-2.099-4.5-4.688-4.5-1.935 0-3.597 1.126-4.312 2.733-.715-1.607-2.377-2.733-4.313-2.733C5.1 3.75 3 5.765 3 8.25c0 7.22 9 12 9 12s9-4.78 9-12Z\"><\/path>\n<\/svg>\t\t<span class=\"loop_button-text\">Dodaj v seznam \u017eelja<\/span>\n\t<\/a>\n<\/div>\n\t\t\t<!-- COUNT TEXT -->\n\t\t\t\n\t\t\t<\/div>\n<\/div><\/div><div class=\"product-summary\"><div class=\"product-summary-deal\"><a class=\"meta-cat\" href=\"https:\/\/orchidleja.com\/index.php\/kategorija-izdelka\/nakit-in-modni-dodatki\/kompleti\/\">Kompleti<\/a><h2 class=\"woocommerce-loop-product__title\"><a href=\"https:\/\/orchidleja.com\/index.php\/izdelek\/komplet-nakita-iz-delcev-cvetov-orhideje\/\" class=\"woocommerce-LoopProduct-link woocommerce-loop-product__link\">Komplet nakita iz delcev cvetov orhideje<\/a><\/h2>\n\t<span class=\"price\"><del aria-hidden=\"true\"><span class=\"woocommerce-Price-amount amount\"><bdi>60,00&nbsp;<span class=\"woocommerce-Price-currencySymbol\">&euro;<\/span><\/bdi><\/span><\/del> <span class=\"screen-reader-text\">Izvirna cena je bila: 60,00&nbsp;&euro;.<\/span><ins aria-hidden=\"true\"><span class=\"woocommerce-Price-amount amount\"><bdi>58,00&nbsp;<span class=\"woocommerce-Price-currencySymbol\">&euro;<\/span><\/bdi><\/span><\/ins><span class=\"screen-reader-text\">Trenutna cena je: 58,00&nbsp;&euro;.<\/span><\/span>\n<a href=\"?add-to-cart=13236\" aria-describedby=\"woocommerce_loop_add_to_cart_link_describedby_13236\" data-quantity=\"1\" class=\"button product_type_simple add_to_cart_button ajax_add_to_cart\" data-product_id=\"13236\" data-product_sku=\"KOMP-1\" aria-label=\"Dodaj v ko\u0161arico: &ldquo;Komplet nakita iz delcev cvetov orhideje&rdquo;\" rel=\"nofollow\" data-success_message=\"&ldquo;Komplet nakita iz delcev cvetov orhideje&rdquo; je bil dodan v va\u0161o ko\u0161arico\">Dodaj v ko\u0161arico<\/a>\t<span id=\"woocommerce_loop_add_to_cart_link_describedby_13236\" class=\"screen-reader-text\">\n\t\t\t<\/span>\n<\/div><\/div><\/div><\/li>\n<li class=\"product type-product post-12519 status-publish instock product_cat-ogrlice has-post-thumbnail sale sold-individually purchasable product-type-simple\">\n\t<div class=\"product-inner\"><div class=\"product-thumbnail\"><a href=\"https:\/\/orchidleja.com\/index.php\/izdelek\/uhani-srce-z-pravo-rozo\/\" class=\"woocommerce-LoopProduct-link woocommerce-loop-product__link\"><img decoding=\"async\" width=\"670\" height=\"670\" src=\"https:\/\/orchidleja.com\/wp-content\/uploads\/2023\/02\/medaljon-orhideja-xxl-1-670x670.jpg\" class=\"attachment-woocommerce_thumbnail size-woocommerce_thumbnail\" alt=\"Klasi\u010dni medaljon z orhidejo v vijoli\u010dno roza tonih\" srcset=\"https:\/\/orchidleja.com\/wp-content\/uploads\/2023\/02\/medaljon-orhideja-xxl-1-670x670.jpg 670w, https:\/\/orchidleja.com\/wp-content\/uploads\/2023\/02\/medaljon-orhideja-xxl-1-300x300.jpg 300w, https:\/\/orchidleja.com\/wp-content\/uploads\/2023\/02\/medaljon-orhideja-xxl-1-1024x1024.jpg 1024w, https:\/\/orchidleja.com\/wp-content\/uploads\/2023\/02\/medaljon-orhideja-xxl-1-150x150.jpg 150w, https:\/\/orchidleja.com\/wp-content\/uploads\/2023\/02\/medaljon-orhideja-xxl-1-768x768.jpg 768w, https:\/\/orchidleja.com\/wp-content\/uploads\/2023\/02\/medaljon-orhideja-xxl-1-1536x1536.jpg 1536w, https:\/\/orchidleja.com\/wp-content\/uploads\/2023\/02\/medaljon-orhideja-xxl-1-130x130.jpg 130w, https:\/\/orchidleja.com\/wp-content\/uploads\/2023\/02\/medaljon-orhideja-xxl-1.jpg 2000w\" sizes=\"(max-width: 670px) 100vw, 670px\" \/><\/a><div class=\"product-loop__buttons\"><a href=\"?add-to-cart=12519\" aria-describedby=\"woocommerce_loop_add_to_cart_link_describedby_12519\" data-quantity=\"1\" class=\"button product_type_simple add_to_cart_button ajax_add_to_cart\" data-product_id=\"12519\" data-product_sku=\"OBES-1\" aria-label=\"Dodaj v ko\u0161arico: &ldquo;Klasi\u010dni medaljon z orhidejo v vijoli\u010dno roza tonih&rdquo;\" rel=\"nofollow\" data-success_message=\"&ldquo;Klasi\u010dni medaljon z orhidejo v vijoli\u010dno roza tonih&rdquo; je bil dodan v va\u0161o ko\u0161arico\">Dodaj v ko\u0161arico<\/a>\t<span id=\"woocommerce_loop_add_to_cart_link_describedby_12519\" class=\"screen-reader-text\">\n\t\t\t<\/span>\n<a href=\"https:\/\/orchidleja.com\/index.php\/izdelek\/uhani-srce-z-pravo-rozo\/\" class=\"quick-view-button rz-loop_button\" data-target=\"quick-view-modal\" data-toggle=\"modal\" data-id=\"12519\" data-text=\"Quick View\">\r\n\t\t\t\t<span class=\"razzi-svg-icon \"><svg aria-hidden=\"true\" role=\"img\" focusable=\"false\" xmlns=\"http:\/\/www.w3.org\/2000\/svg\" width=\"24\" height=\"24\" viewBox=\"0 0 24 24\" fill=\"none\" stroke=\"currentColor\" stroke-width=\"2\" stroke-linecap=\"round\" stroke-linejoin=\"round\" ><path d=\"M1 12s4-8 11-8 11 8 11 8-4 8-11 8-11-8-11-8z\"><\/path><circle cx=\"12\" cy=\"12\" r=\"3\"><\/circle><\/svg><\/span><span class=\"quick-view-text loop_button-text\">Quick View<\/span>\r\n\t\t\t<\/a>\n<div\n\tclass=\"yith-wcwl-add-to-wishlist add-to-wishlist-12519 yith-wcwl-add-to-wishlist--link-style wishlist-fragment on-first-load\"\n\tdata-fragment-ref=\"12519\"\n\tdata-fragment-options=\"{&quot;base_url&quot;:&quot;&quot;,&quot;product_id&quot;:12519,&quot;parent_product_id&quot;:0,&quot;product_type&quot;:&quot;simple&quot;,&quot;is_single&quot;:false,&quot;in_default_wishlist&quot;:false,&quot;show_view&quot;:false,&quot;browse_wishlist_text&quot;:&quot;Preglej seznam \\u017eelja&quot;,&quot;already_in_wishslist_text&quot;:&quot;Ta izdelek je \\u017ee v seznamu \\u017eelja!&quot;,&quot;product_added_text&quot;:&quot;Izdelek dodan!&quot;,&quot;available_multi_wishlist&quot;:false,&quot;disable_wishlist&quot;:false,&quot;show_count&quot;:false,&quot;ajax_loading&quot;:false,&quot;loop_position&quot;:&quot;after_add_to_cart&quot;,&quot;item&quot;:&quot;add_to_wishlist&quot;}\"\n>\n\t\t\t\n\t\t\t<!-- ADD TO WISHLIST -->\n\t\t\t\n<div class=\"yith-wcwl-add-button\">\n\t<a href=\"?add_to_wishlist=12519\"\n\t\trel=\"nofollow\" data-product-id=\"12519\"\n\t\tdata-product-type=\"simple\"\n\t\tdata-original-product-id=\"0\" class=\"rz-loop_button add_to_wishlist single_add_to_wishlist\"\n\t\tdata-title=\"Dodaj v seznam \u017eelja\"\n\t\tdata-text=\"Dodaj v seznam \u017eelja\"\n\t\tdata-product-title=\"Klasi\u010dni medaljon z orhidejo v vijoli\u010dno roza tonih\">\n\t\t<svg id=\"yith-wcwl-icon-heart-outline\" class=\"yith-wcwl-icon-svg\" fill=\"none\" stroke-width=\"1.5\" stroke=\"currentColor\" viewBox=\"0 0 24 24\" xmlns=\"http:\/\/www.w3.org\/2000\/svg\">\n  <path stroke-linecap=\"round\" stroke-linejoin=\"round\" d=\"M21 8.25c0-2.485-2.099-4.5-4.688-4.5-1.935 0-3.597 1.126-4.312 2.733-.715-1.607-2.377-2.733-4.313-2.733C5.1 3.75 3 5.765 3 8.25c0 7.22 9 12 9 12s9-4.78 9-12Z\"><\/path>\n<\/svg>\t\t<span class=\"loop_button-text\">Dodaj v seznam \u017eelja<\/span>\n\t<\/a>\n<\/div>\n\t\t\t<!-- COUNT TEXT -->\n\t\t\t\n\t\t\t<\/div>\n<\/div><\/div><div class=\"product-summary\"><div class=\"product-summary-deal\"><a class=\"meta-cat\" href=\"https:\/\/orchidleja.com\/index.php\/kategorija-izdelka\/nakit-in-modni-dodatki\/ogrlice\/\">Ogrlice<\/a><h2 class=\"woocommerce-loop-product__title\"><a href=\"https:\/\/orchidleja.com\/index.php\/izdelek\/uhani-srce-z-pravo-rozo\/\" class=\"woocommerce-LoopProduct-link woocommerce-loop-product__link\">Klasi\u010dni medaljon z orhidejo v vijoli\u010dno roza tonih<\/a><\/h2>\n\t<span class=\"price\"><del aria-hidden=\"true\"><span class=\"woocommerce-Price-amount amount\"><bdi>52,00&nbsp;<span class=\"woocommerce-Price-currencySymbol\">&euro;<\/span><\/bdi><\/span><\/del> <span class=\"screen-reader-text\">Izvirna cena je bila: 52,00&nbsp;&euro;.<\/span><ins aria-hidden=\"true\"><span class=\"woocommerce-Price-amount amount\"><bdi>48,00&nbsp;<span class=\"woocommerce-Price-currencySymbol\">&euro;<\/span><\/bdi><\/span><\/ins><span class=\"screen-reader-text\">Trenutna cena je: 48,00&nbsp;&euro;.<\/span><\/span>\n<a href=\"?add-to-cart=12519\" aria-describedby=\"woocommerce_loop_add_to_cart_link_describedby_12519\" data-quantity=\"1\" class=\"button product_type_simple add_to_cart_button ajax_add_to_cart\" data-product_id=\"12519\" data-product_sku=\"OBES-1\" aria-label=\"Dodaj v ko\u0161arico: &ldquo;Klasi\u010dni medaljon z orhidejo v vijoli\u010dno roza tonih&rdquo;\" rel=\"nofollow\" data-success_message=\"&ldquo;Klasi\u010dni medaljon z orhidejo v vijoli\u010dno roza tonih&rdquo; je bil dodan v va\u0161o ko\u0161arico\">Dodaj v ko\u0161arico<\/a>\t<span id=\"woocommerce_loop_add_to_cart_link_describedby_12519\" class=\"screen-reader-text\">\n\t\t\t<\/span>\n<\/div><\/div><\/div><\/li>\n<\/ul><\/div><\/div>\t\t<\/div>\n\t\t\t\t<\/div>\n\t\t\t\t\t<\/div>\n\t\t<\/div>\n\t\t\t\t\t<\/div>\n\t\t<\/section>\n\t\t\t\t<\/div>\n\t\t","protected":false},"excerpt":{"rendered":"<p>16\/68 Add to cart Quick View Wishlist Clarks Women&#8217;s Step Cali Rated 5.00 out of 5 &pound;&nbsp;33.23 &pound;&nbsp;25.85 Add to cart 28\/30 Add to cart Quick View Browse Conte of Florence Jarod &pound;&nbsp;36.19 &pound;&nbsp;31.76 Add to cart 32\/90 Add to cart Quick View Browse Cotton striped T-Shirt &pound;&nbsp;64.99 &pound;&nbsp;48.74 Add to cart 83\/100 Add to [&hellip;]<\/p>\n","protected":false},"author":2759,"featured_media":0,"parent":0,"menu_order":0,"comment_status":"closed","ping_status":"open","template":"","meta":{"_eb_attr":"","footnotes":""},"class_list":["post-7157","page","type-page","status-publish","hentry"],"_links":{"self":[{"href":"https:\/\/orchidleja.com\/index.php\/wp-json\/wp\/v2\/pages\/7157","targetHints":{"allow":["GET"]}}],"collection":[{"href":"https:\/\/orchidleja.com\/index.php\/wp-json\/wp\/v2\/pages"}],"about":[{"href":"https:\/\/orchidleja.com\/index.php\/wp-json\/wp\/v2\/types\/page"}],"author":[{"embeddable":true,"href":"https:\/\/orchidleja.com\/index.php\/wp-json\/wp\/v2\/users\/2759"}],"replies":[{"embeddable":true,"href":"https:\/\/orchidleja.com\/index.php\/wp-json\/wp\/v2\/comments?post=7157"}],"version-history":[{"count":0,"href":"https:\/\/orchidleja.com\/index.php\/wp-json\/wp\/v2\/pages\/7157\/revisions"}],"wp:attachment":[{"href":"https:\/\/orchidleja.com\/index.php\/wp-json\/wp\/v2\/media?parent=7157"}],"curies":[{"name":"wp","href":"https:\/\/api.w.org\/{rel}","templated":true}]}}