{"id":7210,"date":"2021-01-04T04:15:54","date_gmt":"2021-01-04T04:15:54","guid":{"rendered":"https:\/\/demo4.drfuri.com\/razzi\/?page_id=7210"},"modified":"2021-01-04T04:15:54","modified_gmt":"2021-01-04T04:15:54","slug":"product-hover-style","status":"publish","type":"page","link":"https:\/\/orchidleja.com\/index.php\/product-hover-style\/","title":{"rendered":"Product Hover Style"},"content":{"rendered":"\t\t<div data-elementor-type=\"wp-page\" data-elementor-id=\"7210\" class=\"elementor elementor-7210\">\n\t\t\t\t\t\t<section class=\"elementor-section elementor-top-section elementor-element elementor-element-7fe4d8d elementor-section-boxed elementor-section-height-default elementor-section-height-default\" data-id=\"7fe4d8d\" data-element_type=\"section\">\n\t\t\t\t\t\t<div class=\"elementor-container elementor-column-gap-default\">\n\t\t\t\t\t<div class=\"elementor-column elementor-col-100 elementor-top-column elementor-element elementor-element-e6c945d\" data-id=\"e6c945d\" data-element_type=\"column\">\n\t\t\t<div class=\"elementor-widget-wrap elementor-element-populated\">\n\t\t\t\t\t\t<div class=\"elementor-element elementor-element-4d9175a elementor-widget elementor-widget-heading\" data-id=\"4d9175a\" data-element_type=\"widget\" data-widget_type=\"heading.default\">\n\t\t\t\t<div class=\"elementor-widget-container\">\n\t\t\t<h4 class=\"elementor-heading-title elementor-size-default\">Product Hover Style<\/h4>\t\t<\/div>\n\t\t\t\t<\/div>\n\t\t\t\t<div class=\"elementor-element elementor-element-01a7695 elementor-widget elementor-widget-spacer\" data-id=\"01a7695\" data-element_type=\"widget\" data-widget_type=\"spacer.default\">\n\t\t\t\t<div class=\"elementor-widget-container\">\n\t\t\t\t\t<div class=\"elementor-spacer\">\n\t\t\t<div class=\"elementor-spacer-inner\"><\/div>\n\t\t<\/div>\n\t\t\t\t<\/div>\n\t\t\t\t<\/div>\n\t\t\t\t<div class=\"elementor-element elementor-element-1a7a46a elementor-widget elementor-widget-text-editor\" data-id=\"1a7a46a\" data-element_type=\"widget\" data-widget_type=\"text-editor.default\">\n\t\t\t\t<div class=\"elementor-widget-container\">\n\t\t\t\t\t\t\t<p>Razzi supports 4 different styles for displaying products on the shop page.<\/p>\t\t\t\t\t\t<\/div>\n\t\t\t\t<\/div>\n\t\t\t\t<div class=\"elementor-element elementor-element-3d5f1e4 elementor-widget elementor-widget-spacer\" data-id=\"3d5f1e4\" data-element_type=\"widget\" data-widget_type=\"spacer.default\">\n\t\t\t\t<div class=\"elementor-widget-container\">\n\t\t\t\t\t<div class=\"elementor-spacer\">\n\t\t\t<div class=\"elementor-spacer-inner\"><\/div>\n\t\t<\/div>\n\t\t\t\t<\/div>\n\t\t\t\t<\/div>\n\t\t\t\t<div class=\"elementor-element elementor-element-fb9e77b elementor-widget elementor-widget-razzi-products-grid\" data-id=\"fb9e77b\" data-element_type=\"widget\" data-settings=\"{&quot;per_page&quot;:8,&quot;columns&quot;:4,&quot;products&quot;:&quot;recent&quot;}\" data-widget_type=\"razzi-products-grid.default\">\n\t\t\t\t<div class=\"elementor-widget-container\">\n\t\t\t\t\t<div class=\"razzi-products-grid woocommerce\">\r\n\t\t\t<div class=\"product-content\"><ul class=\"products columns-4\">\n<li class=\"product type-product post-13339 status-publish first instock product_cat-prstani has-post-thumbnail sold-individually purchasable product-type-simple\">\n\t<a href=\"https:\/\/orchidleja.com\/index.php\/izdelek\/veliki-prstan-v-svetlo-zeleni-barvi-z-mozaikom-orhidej\/\" class=\"woocommerce-LoopProduct-link woocommerce-loop-product__link\"><img fetchpriority=\"high\" decoding=\"async\" width=\"670\" height=\"670\" src=\"https:\/\/orchidleja.com\/wp-content\/uploads\/2025\/05\/velik-prstan-svetlo-zelena-mozaik-orhideja-2-670x670.jpg\" class=\"attachment-woocommerce_thumbnail size-woocommerce_thumbnail\" alt=\"Veliki prstan v svetlo zeleni barvi z mozaikom orhidej\" srcset=\"https:\/\/orchidleja.com\/wp-content\/uploads\/2025\/05\/velik-prstan-svetlo-zelena-mozaik-orhideja-2-670x670.jpg 670w, https:\/\/orchidleja.com\/wp-content\/uploads\/2025\/05\/velik-prstan-svetlo-zelena-mozaik-orhideja-2-300x300.jpg 300w, https:\/\/orchidleja.com\/wp-content\/uploads\/2025\/05\/velik-prstan-svetlo-zelena-mozaik-orhideja-2-1024x1024.jpg 1024w, https:\/\/orchidleja.com\/wp-content\/uploads\/2025\/05\/velik-prstan-svetlo-zelena-mozaik-orhideja-2-150x150.jpg 150w, https:\/\/orchidleja.com\/wp-content\/uploads\/2025\/05\/velik-prstan-svetlo-zelena-mozaik-orhideja-2-768x768.jpg 768w, https:\/\/orchidleja.com\/wp-content\/uploads\/2025\/05\/velik-prstan-svetlo-zelena-mozaik-orhideja-2-1536x1536.jpg 1536w, https:\/\/orchidleja.com\/wp-content\/uploads\/2025\/05\/velik-prstan-svetlo-zelena-mozaik-orhideja-2-130x130.jpg 130w, https:\/\/orchidleja.com\/wp-content\/uploads\/2025\/05\/velik-prstan-svetlo-zelena-mozaik-orhideja-2.jpg 2000w\" sizes=\"(max-width: 670px) 100vw, 670px\" \/><h2 class=\"woocommerce-loop-product__title\">Veliki prstan v svetlo zeleni barvi z mozaikom orhidej<\/h2>\n\t<span class=\"price\"><span class=\"woocommerce-Price-amount amount\"><bdi>20,00&nbsp;<span class=\"woocommerce-Price-currencySymbol\">&euro;<\/span><\/bdi><\/span><\/span>\n<\/a><a href=\"?add-to-cart=13339\" aria-describedby=\"woocommerce_loop_add_to_cart_link_describedby_13339\" data-quantity=\"1\" class=\"button product_type_simple add_to_cart_button ajax_add_to_cart\" data-product_id=\"13339\" data-product_sku=\"PRST-3\" aria-label=\"Dodaj v ko\u0161arico: &ldquo;Veliki prstan v svetlo zeleni barvi z mozaikom orhidej&rdquo;\" rel=\"nofollow\" data-success_message=\"&ldquo;Veliki prstan v svetlo zeleni barvi z mozaikom orhidej&rdquo; je bil dodan v va\u0161o ko\u0161arico\">Dodaj v ko\u0161arico<\/a>\t<span id=\"woocommerce_loop_add_to_cart_link_describedby_13339\" class=\"screen-reader-text\">\n\t\t\t<\/span>\n<\/li>\n<li class=\"product type-product post-13335 status-publish instock product_cat-klasicni-uhani has-post-thumbnail sold-individually purchasable product-type-simple\">\n\t<a href=\"https:\/\/orchidleja.com\/index.php\/izdelek\/okrogli-uhani-z-mozaikom-iz-cvetov-orhideje\/\" class=\"woocommerce-LoopProduct-link woocommerce-loop-product__link\"><img decoding=\"async\" width=\"670\" height=\"670\" src=\"https:\/\/orchidleja.com\/wp-content\/uploads\/2025\/05\/okrogli-uhani-mozaik-iz-orhidej-1-670x670.jpg\" class=\"attachment-woocommerce_thumbnail size-woocommerce_thumbnail\" alt=\"Okrogli uhani z mozaikom iz cvetov orhideje\" srcset=\"https:\/\/orchidleja.com\/wp-content\/uploads\/2025\/05\/okrogli-uhani-mozaik-iz-orhidej-1-670x670.jpg 670w, https:\/\/orchidleja.com\/wp-content\/uploads\/2025\/05\/okrogli-uhani-mozaik-iz-orhidej-1-300x300.jpg 300w, https:\/\/orchidleja.com\/wp-content\/uploads\/2025\/05\/okrogli-uhani-mozaik-iz-orhidej-1-1024x1024.jpg 1024w, https:\/\/orchidleja.com\/wp-content\/uploads\/2025\/05\/okrogli-uhani-mozaik-iz-orhidej-1-150x150.jpg 150w, https:\/\/orchidleja.com\/wp-content\/uploads\/2025\/05\/okrogli-uhani-mozaik-iz-orhidej-1-768x768.jpg 768w, https:\/\/orchidleja.com\/wp-content\/uploads\/2025\/05\/okrogli-uhani-mozaik-iz-orhidej-1-1536x1536.jpg 1536w, https:\/\/orchidleja.com\/wp-content\/uploads\/2025\/05\/okrogli-uhani-mozaik-iz-orhidej-1-130x130.jpg 130w, https:\/\/orchidleja.com\/wp-content\/uploads\/2025\/05\/okrogli-uhani-mozaik-iz-orhidej-1.jpg 2000w\" sizes=\"(max-width: 670px) 100vw, 670px\" \/><h2 class=\"woocommerce-loop-product__title\">Okrogli uhani z mozaikom iz cvetov orhideje<\/h2>\n\t<span class=\"price\"><span class=\"woocommerce-Price-amount amount\"><bdi>17,00&nbsp;<span class=\"woocommerce-Price-currencySymbol\">&euro;<\/span><\/bdi><\/span><\/span>\n<\/a><a href=\"?add-to-cart=13335\" aria-describedby=\"woocommerce_loop_add_to_cart_link_describedby_13335\" data-quantity=\"1\" class=\"button product_type_simple add_to_cart_button ajax_add_to_cart\" data-product_id=\"13335\" data-product_sku=\"UHAN-8-1\" aria-label=\"Dodaj v ko\u0161arico: &ldquo;Okrogli uhani z mozaikom iz cvetov orhideje&rdquo;\" rel=\"nofollow\" data-success_message=\"&ldquo;Okrogli uhani z mozaikom iz cvetov orhideje&rdquo; je bil dodan v va\u0161o ko\u0161arico\">Dodaj v ko\u0161arico<\/a>\t<span id=\"woocommerce_loop_add_to_cart_link_describedby_13335\" class=\"screen-reader-text\">\n\t\t\t<\/span>\n<\/li>\n<li class=\"product type-product post-13331 status-publish instock product_cat-klasicni-uhani has-post-thumbnail sale sold-individually purchasable product-type-simple\">\n\t<a href=\"https:\/\/orchidleja.com\/index.php\/izdelek\/zvezdasti-uhani-s-svetlecimi-listici-in-delci-orhideje\/\" class=\"woocommerce-LoopProduct-link woocommerce-loop-product__link\">\n\t<span class=\"onsale\">Akcija!<\/span>\n\t<img decoding=\"async\" width=\"670\" height=\"670\" src=\"https:\/\/orchidleja.com\/wp-content\/uploads\/2025\/05\/star-klasicni-uhani-orhideje-listici-2-670x670.jpg\" class=\"attachment-woocommerce_thumbnail size-woocommerce_thumbnail\" alt=\"Zvezdasti uhani s svetle\u010dimi listi\u010di in delci orhideje\" srcset=\"https:\/\/orchidleja.com\/wp-content\/uploads\/2025\/05\/star-klasicni-uhani-orhideje-listici-2-670x670.jpg 670w, https:\/\/orchidleja.com\/wp-content\/uploads\/2025\/05\/star-klasicni-uhani-orhideje-listici-2-300x300.jpg 300w, https:\/\/orchidleja.com\/wp-content\/uploads\/2025\/05\/star-klasicni-uhani-orhideje-listici-2-1024x1024.jpg 1024w, https:\/\/orchidleja.com\/wp-content\/uploads\/2025\/05\/star-klasicni-uhani-orhideje-listici-2-150x150.jpg 150w, https:\/\/orchidleja.com\/wp-content\/uploads\/2025\/05\/star-klasicni-uhani-orhideje-listici-2-768x768.jpg 768w, https:\/\/orchidleja.com\/wp-content\/uploads\/2025\/05\/star-klasicni-uhani-orhideje-listici-2-1536x1536.jpg 1536w, https:\/\/orchidleja.com\/wp-content\/uploads\/2025\/05\/star-klasicni-uhani-orhideje-listici-2-130x130.jpg 130w, https:\/\/orchidleja.com\/wp-content\/uploads\/2025\/05\/star-klasicni-uhani-orhideje-listici-2.jpg 2000w\" sizes=\"(max-width: 670px) 100vw, 670px\" \/><h2 class=\"woocommerce-loop-product__title\">Zvezdasti uhani s svetle\u010dimi listi\u010di in delci orhideje<\/h2>\n\t<span class=\"price\"><del aria-hidden=\"true\"><span class=\"woocommerce-Price-amount amount\"><bdi>14,00&nbsp;<span class=\"woocommerce-Price-currencySymbol\">&euro;<\/span><\/bdi><\/span><\/del> <span class=\"screen-reader-text\">Izvirna cena je bila: 14,00&nbsp;&euro;.<\/span><ins aria-hidden=\"true\"><span class=\"woocommerce-Price-amount amount\"><bdi>13,00&nbsp;<span class=\"woocommerce-Price-currencySymbol\">&euro;<\/span><\/bdi><\/span><\/ins><span class=\"screen-reader-text\">Trenutna cena je: 13,00&nbsp;&euro;.<\/span><\/span>\n<\/a><a href=\"?add-to-cart=13331\" aria-describedby=\"woocommerce_loop_add_to_cart_link_describedby_13331\" data-quantity=\"1\" class=\"button product_type_simple add_to_cart_button ajax_add_to_cart\" data-product_id=\"13331\" data-product_sku=\"UHAN-8\" aria-label=\"Dodaj v ko\u0161arico: &ldquo;Zvezdasti uhani s svetle\u010dimi listi\u010di in delci orhideje&rdquo;\" rel=\"nofollow\" data-success_message=\"&ldquo;Zvezdasti uhani s svetle\u010dimi listi\u010di in delci orhideje&rdquo; je bil dodan v va\u0161o ko\u0161arico\">Dodaj v ko\u0161arico<\/a>\t<span id=\"woocommerce_loop_add_to_cart_link_describedby_13331\" class=\"screen-reader-text\">\n\t\t\t<\/span>\n<\/li>\n<li class=\"product type-product post-13327 status-publish last instock product_cat-klasicni-uhani has-post-thumbnail sold-individually purchasable product-type-simple\">\n\t<a href=\"https:\/\/orchidleja.com\/index.php\/izdelek\/klasicni-minimalisticni-uhani-pravokotne-oblike-z-orhidejami\/\" class=\"woocommerce-LoopProduct-link woocommerce-loop-product__link\"><img loading=\"lazy\" decoding=\"async\" width=\"670\" height=\"670\" src=\"https:\/\/orchidleja.com\/wp-content\/uploads\/2025\/05\/pravokotni-uhani-v-tonih-oceana-orchid-1-670x670.jpg\" class=\"attachment-woocommerce_thumbnail size-woocommerce_thumbnail\" alt=\"Klasi\u010dni minimalisti\u010dni uhani pravokotne oblike z orhidejami\" srcset=\"https:\/\/orchidleja.com\/wp-content\/uploads\/2025\/05\/pravokotni-uhani-v-tonih-oceana-orchid-1-670x670.jpg 670w, https:\/\/orchidleja.com\/wp-content\/uploads\/2025\/05\/pravokotni-uhani-v-tonih-oceana-orchid-1-300x300.jpg 300w, https:\/\/orchidleja.com\/wp-content\/uploads\/2025\/05\/pravokotni-uhani-v-tonih-oceana-orchid-1-1024x1024.jpg 1024w, https:\/\/orchidleja.com\/wp-content\/uploads\/2025\/05\/pravokotni-uhani-v-tonih-oceana-orchid-1-150x150.jpg 150w, https:\/\/orchidleja.com\/wp-content\/uploads\/2025\/05\/pravokotni-uhani-v-tonih-oceana-orchid-1-768x768.jpg 768w, https:\/\/orchidleja.com\/wp-content\/uploads\/2025\/05\/pravokotni-uhani-v-tonih-oceana-orchid-1-1536x1536.jpg 1536w, https:\/\/orchidleja.com\/wp-content\/uploads\/2025\/05\/pravokotni-uhani-v-tonih-oceana-orchid-1-130x130.jpg 130w, https:\/\/orchidleja.com\/wp-content\/uploads\/2025\/05\/pravokotni-uhani-v-tonih-oceana-orchid-1.jpg 2000w\" sizes=\"(max-width: 670px) 100vw, 670px\" \/><h2 class=\"woocommerce-loop-product__title\">Klasi\u010dni minimalisti\u010dni uhani pravokotne oblike z orhidejami<\/h2>\n\t<span class=\"price\"><span class=\"woocommerce-Price-amount amount\"><bdi>14,00&nbsp;<span class=\"woocommerce-Price-currencySymbol\">&euro;<\/span><\/bdi><\/span><\/span>\n<\/a><a href=\"?add-to-cart=13327\" aria-describedby=\"woocommerce_loop_add_to_cart_link_describedby_13327\" data-quantity=\"1\" class=\"button product_type_simple add_to_cart_button ajax_add_to_cart\" data-product_id=\"13327\" data-product_sku=\"UHAN-7\" aria-label=\"Dodaj v ko\u0161arico: &ldquo;Klasi\u010dni minimalisti\u010dni uhani pravokotne oblike z orhidejami&rdquo;\" rel=\"nofollow\" data-success_message=\"&ldquo;Klasi\u010dni minimalisti\u010dni uhani pravokotne oblike z orhidejami&rdquo; je bil dodan v va\u0161o ko\u0161arico\">Dodaj v ko\u0161arico<\/a>\t<span id=\"woocommerce_loop_add_to_cart_link_describedby_13327\" class=\"screen-reader-text\">\n\t\t\t<\/span>\n<\/li>\n<li class=\"product type-product post-13322 status-publish first instock product_cat-klasicni-uhani has-post-thumbnail sold-individually purchasable product-type-simple\">\n\t<a href=\"https:\/\/orchidleja.com\/index.php\/izdelek\/uhani-s-pridihom-orhideje-in-kameleon-blescic\/\" class=\"woocommerce-LoopProduct-link woocommerce-loop-product__link\"><img loading=\"lazy\" decoding=\"async\" width=\"670\" height=\"670\" src=\"https:\/\/orchidleja.com\/wp-content\/uploads\/2025\/05\/uhani-z-kamelon-orhid-ocean-style-3-670x670.jpg\" class=\"attachment-woocommerce_thumbnail size-woocommerce_thumbnail\" alt=\"Uhani s pridihom orhideje in kameleon ble\u0161\u010dic\" srcset=\"https:\/\/orchidleja.com\/wp-content\/uploads\/2025\/05\/uhani-z-kamelon-orhid-ocean-style-3-670x670.jpg 670w, https:\/\/orchidleja.com\/wp-content\/uploads\/2025\/05\/uhani-z-kamelon-orhid-ocean-style-3-300x300.jpg 300w, https:\/\/orchidleja.com\/wp-content\/uploads\/2025\/05\/uhani-z-kamelon-orhid-ocean-style-3-1024x1024.jpg 1024w, https:\/\/orchidleja.com\/wp-content\/uploads\/2025\/05\/uhani-z-kamelon-orhid-ocean-style-3-150x150.jpg 150w, https:\/\/orchidleja.com\/wp-content\/uploads\/2025\/05\/uhani-z-kamelon-orhid-ocean-style-3-768x768.jpg 768w, https:\/\/orchidleja.com\/wp-content\/uploads\/2025\/05\/uhani-z-kamelon-orhid-ocean-style-3-1536x1536.jpg 1536w, https:\/\/orchidleja.com\/wp-content\/uploads\/2025\/05\/uhani-z-kamelon-orhid-ocean-style-3-130x130.jpg 130w, https:\/\/orchidleja.com\/wp-content\/uploads\/2025\/05\/uhani-z-kamelon-orhid-ocean-style-3.jpg 2000w\" sizes=\"(max-width: 670px) 100vw, 670px\" \/><h2 class=\"woocommerce-loop-product__title\">Uhani s pridihom orhideje in kameleon ble\u0161\u010dic<\/h2>\n\t<span class=\"price\"><span class=\"woocommerce-Price-amount amount\"><bdi>16,00&nbsp;<span class=\"woocommerce-Price-currencySymbol\">&euro;<\/span><\/bdi><\/span><\/span>\n<\/a><a href=\"?add-to-cart=13322\" aria-describedby=\"woocommerce_loop_add_to_cart_link_describedby_13322\" data-quantity=\"1\" class=\"button product_type_simple add_to_cart_button ajax_add_to_cart\" data-product_id=\"13322\" data-product_sku=\"UHAN-6\" aria-label=\"Dodaj v ko\u0161arico: &ldquo;Uhani s pridihom orhideje in kameleon ble\u0161\u010dic&rdquo;\" rel=\"nofollow\" data-success_message=\"&ldquo;Uhani s pridihom orhideje in kameleon ble\u0161\u010dic&rdquo; je bil dodan v va\u0161o ko\u0161arico\">Dodaj v ko\u0161arico<\/a>\t<span id=\"woocommerce_loop_add_to_cart_link_describedby_13322\" class=\"screen-reader-text\">\n\t\t\t<\/span>\n<\/li>\n<li class=\"product type-product post-13318 status-publish instock product_cat-prstani has-post-thumbnail sold-individually purchasable product-type-simple\">\n\t<a href=\"https:\/\/orchidleja.com\/index.php\/izdelek\/prestizni-prstan-z-dotikom-orhideje\/\" class=\"woocommerce-LoopProduct-link woocommerce-loop-product__link\"><img loading=\"lazy\" decoding=\"async\" width=\"670\" height=\"670\" src=\"https:\/\/orchidleja.com\/wp-content\/uploads\/2025\/05\/prstan_v_zlati_barvi_z_delci_orhidej-2-670x670.jpg\" class=\"attachment-woocommerce_thumbnail size-woocommerce_thumbnail\" alt=\"Presti\u017eni prstan z dotikom orhideje\" srcset=\"https:\/\/orchidleja.com\/wp-content\/uploads\/2025\/05\/prstan_v_zlati_barvi_z_delci_orhidej-2-670x670.jpg 670w, https:\/\/orchidleja.com\/wp-content\/uploads\/2025\/05\/prstan_v_zlati_barvi_z_delci_orhidej-2-300x300.jpg 300w, https:\/\/orchidleja.com\/wp-content\/uploads\/2025\/05\/prstan_v_zlati_barvi_z_delci_orhidej-2-1024x1024.jpg 1024w, https:\/\/orchidleja.com\/wp-content\/uploads\/2025\/05\/prstan_v_zlati_barvi_z_delci_orhidej-2-150x150.jpg 150w, https:\/\/orchidleja.com\/wp-content\/uploads\/2025\/05\/prstan_v_zlati_barvi_z_delci_orhidej-2-768x768.jpg 768w, https:\/\/orchidleja.com\/wp-content\/uploads\/2025\/05\/prstan_v_zlati_barvi_z_delci_orhidej-2-1536x1536.jpg 1536w, https:\/\/orchidleja.com\/wp-content\/uploads\/2025\/05\/prstan_v_zlati_barvi_z_delci_orhidej-2-130x130.jpg 130w, https:\/\/orchidleja.com\/wp-content\/uploads\/2025\/05\/prstan_v_zlati_barvi_z_delci_orhidej-2.jpg 2000w\" sizes=\"(max-width: 670px) 100vw, 670px\" \/><h2 class=\"woocommerce-loop-product__title\">Presti\u017eni prstan z dotikom orhideje<\/h2>\n\t<span class=\"price\"><span class=\"woocommerce-Price-amount amount\"><bdi>24,00&nbsp;<span class=\"woocommerce-Price-currencySymbol\">&euro;<\/span><\/bdi><\/span><\/span>\n<\/a><a href=\"?add-to-cart=13318\" aria-describedby=\"woocommerce_loop_add_to_cart_link_describedby_13318\" data-quantity=\"1\" class=\"button product_type_simple add_to_cart_button ajax_add_to_cart\" data-product_id=\"13318\" data-product_sku=\"PRST-2\" aria-label=\"Dodaj v ko\u0161arico: &ldquo;Presti\u017eni prstan z dotikom orhideje&rdquo;\" rel=\"nofollow\" data-success_message=\"&ldquo;Presti\u017eni prstan z dotikom orhideje&rdquo; je bil dodan v va\u0161o ko\u0161arico\">Dodaj v ko\u0161arico<\/a>\t<span id=\"woocommerce_loop_add_to_cart_link_describedby_13318\" class=\"screen-reader-text\">\n\t\t\t<\/span>\n<\/li>\n<li class=\"product type-product post-13313 status-publish instock product_cat-klasicni-uhani has-post-thumbnail sold-individually purchasable product-type-simple\">\n\t<a href=\"https:\/\/orchidleja.com\/index.php\/izdelek\/okrogli-uhani-z-cvetom-orhideje-v-temno-vijolicni-barvi\/\" class=\"woocommerce-LoopProduct-link woocommerce-loop-product__link\"><img loading=\"lazy\" decoding=\"async\" width=\"670\" height=\"670\" src=\"https:\/\/orchidleja.com\/wp-content\/uploads\/2025\/05\/klasicni-okrogli-ujani-bordo-1-670x670.jpg\" class=\"attachment-woocommerce_thumbnail size-woocommerce_thumbnail\" alt=\"Okrogli uhani z cvetom orhideje v temno vijoli\u010dni barvi\" srcset=\"https:\/\/orchidleja.com\/wp-content\/uploads\/2025\/05\/klasicni-okrogli-ujani-bordo-1-670x670.jpg 670w, https:\/\/orchidleja.com\/wp-content\/uploads\/2025\/05\/klasicni-okrogli-ujani-bordo-1-300x300.jpg 300w, https:\/\/orchidleja.com\/wp-content\/uploads\/2025\/05\/klasicni-okrogli-ujani-bordo-1-1024x1024.jpg 1024w, https:\/\/orchidleja.com\/wp-content\/uploads\/2025\/05\/klasicni-okrogli-ujani-bordo-1-150x150.jpg 150w, https:\/\/orchidleja.com\/wp-content\/uploads\/2025\/05\/klasicni-okrogli-ujani-bordo-1-768x768.jpg 768w, https:\/\/orchidleja.com\/wp-content\/uploads\/2025\/05\/klasicni-okrogli-ujani-bordo-1-1536x1536.jpg 1536w, https:\/\/orchidleja.com\/wp-content\/uploads\/2025\/05\/klasicni-okrogli-ujani-bordo-1-130x130.jpg 130w, https:\/\/orchidleja.com\/wp-content\/uploads\/2025\/05\/klasicni-okrogli-ujani-bordo-1.jpg 2000w\" sizes=\"(max-width: 670px) 100vw, 670px\" \/><h2 class=\"woocommerce-loop-product__title\">Okrogli uhani z cvetom orhideje v temno vijoli\u010dni barvi<\/h2>\n\t<span class=\"price\"><span class=\"woocommerce-Price-amount amount\"><bdi>16,00&nbsp;<span class=\"woocommerce-Price-currencySymbol\">&euro;<\/span><\/bdi><\/span><\/span>\n<\/a><a href=\"?add-to-cart=13313\" aria-describedby=\"woocommerce_loop_add_to_cart_link_describedby_13313\" data-quantity=\"1\" class=\"button product_type_simple add_to_cart_button ajax_add_to_cart\" data-product_id=\"13313\" data-product_sku=\"UHAN-5\" aria-label=\"Dodaj v ko\u0161arico: &ldquo;Okrogli uhani z cvetom orhideje v temno vijoli\u010dni barvi&rdquo;\" rel=\"nofollow\" data-success_message=\"&ldquo;Okrogli uhani z cvetom orhideje v temno vijoli\u010dni barvi&rdquo; je bil dodan v va\u0161o ko\u0161arico\">Dodaj v ko\u0161arico<\/a>\t<span id=\"woocommerce_loop_add_to_cart_link_describedby_13313\" class=\"screen-reader-text\">\n\t\t\t<\/span>\n<\/li>\n<li class=\"product type-product post-13309 status-publish last instock product_cat-klasicni-uhani has-post-thumbnail sold-individually purchasable product-type-simple\">\n\t<a href=\"https:\/\/orchidleja.com\/index.php\/izdelek\/klasicni-okrogli-uhani-z-mozaikom-iz-orhidej\/\" class=\"woocommerce-LoopProduct-link woocommerce-loop-product__link\"><img loading=\"lazy\" decoding=\"async\" width=\"670\" height=\"670\" src=\"https:\/\/orchidleja.com\/wp-content\/uploads\/2025\/04\/klasicni-uhani-z-orhidejami-3-670x670.jpg\" class=\"attachment-woocommerce_thumbnail size-woocommerce_thumbnail\" alt=\"Klasi\u010dni okrogli uhani z mozaikom iz orhidej\" srcset=\"https:\/\/orchidleja.com\/wp-content\/uploads\/2025\/04\/klasicni-uhani-z-orhidejami-3-670x670.jpg 670w, https:\/\/orchidleja.com\/wp-content\/uploads\/2025\/04\/klasicni-uhani-z-orhidejami-3-300x300.jpg 300w, https:\/\/orchidleja.com\/wp-content\/uploads\/2025\/04\/klasicni-uhani-z-orhidejami-3-1024x1024.jpg 1024w, https:\/\/orchidleja.com\/wp-content\/uploads\/2025\/04\/klasicni-uhani-z-orhidejami-3-150x150.jpg 150w, https:\/\/orchidleja.com\/wp-content\/uploads\/2025\/04\/klasicni-uhani-z-orhidejami-3-768x768.jpg 768w, https:\/\/orchidleja.com\/wp-content\/uploads\/2025\/04\/klasicni-uhani-z-orhidejami-3-1536x1536.jpg 1536w, https:\/\/orchidleja.com\/wp-content\/uploads\/2025\/04\/klasicni-uhani-z-orhidejami-3-130x130.jpg 130w, https:\/\/orchidleja.com\/wp-content\/uploads\/2025\/04\/klasicni-uhani-z-orhidejami-3.jpg 2000w\" sizes=\"(max-width: 670px) 100vw, 670px\" \/><h2 class=\"woocommerce-loop-product__title\">Klasi\u010dni okrogli uhani z mozaikom iz orhidej<\/h2>\n\t<span class=\"price\"><span class=\"woocommerce-Price-amount amount\"><bdi>13,00&nbsp;<span class=\"woocommerce-Price-currencySymbol\">&euro;<\/span><\/bdi><\/span><\/span>\n<\/a><a href=\"?add-to-cart=13309\" aria-describedby=\"woocommerce_loop_add_to_cart_link_describedby_13309\" data-quantity=\"1\" class=\"button product_type_simple add_to_cart_button ajax_add_to_cart\" data-product_id=\"13309\" data-product_sku=\"UHAN-4\" aria-label=\"Dodaj v ko\u0161arico: &ldquo;Klasi\u010dni okrogli uhani z mozaikom iz orhidej&rdquo;\" rel=\"nofollow\" data-success_message=\"&ldquo;Klasi\u010dni okrogli uhani z mozaikom iz orhidej&rdquo; je bil dodan v va\u0161o ko\u0161arico\">Dodaj v ko\u0161arico<\/a>\t<span id=\"woocommerce_loop_add_to_cart_link_describedby_13309\" class=\"screen-reader-text\">\n\t\t\t<\/span>\n<\/li>\n<\/ul>\n<\/div><a href=\"#\" class=\"ajax-load-products razzi-button button-larger \" data-page=\"2\" rel=\"nofollow\">\r\n\t\t\t\t\t\t\t\t\t<span class=\"button-text\">Load More<\/span>\r\n\t\t\t\t\t\t\t\t\t<span class=\"dots razzi-gooey\">\r\n\t\t\t\t\t\t\t\t\t\t<span><\/span>\r\n\t\t\t\t\t\t\t\t\t\t<span><\/span>\r\n\t\t\t\t\t\t\t\t\t\t<span><\/span>\r\n\t\t\t\t\t\t\t\t\t<\/span>\r\n\t\t\t\t\t\t\t\t<\/a>\t\t<\/div>\r\n\t\t\t\t<\/div>\n\t\t\t\t<\/div>\n\t\t\t\t\t<\/div>\n\t\t<\/div>\n\t\t\t\t\t<\/div>\n\t\t<\/section>\n\t\t\t\t<\/div>\n\t\t","protected":false},"excerpt":{"rendered":"<p>Product Hover Style Razzi supports 4 different styles for displaying products on the shop page. Add to cart Quick View Wishlist Accessories Soft Flap Crossbody &pound;&nbsp;36.85 Add to cart Add to cart Quick View Wishlist Sale! Kids Hiking Boots &pound;&nbsp;56.87 &pound;&nbsp;32.50 Add to cart Add to cart Quick View Wishlist Sale! Kids Preschool Flex Runner [&hellip;]<\/p>\n","protected":false},"author":2759,"featured_media":0,"parent":0,"menu_order":0,"comment_status":"closed","ping_status":"open","template":"","meta":{"_eb_attr":"","footnotes":""},"class_list":["post-7210","page","type-page","status-publish","hentry"],"_links":{"self":[{"href":"https:\/\/orchidleja.com\/index.php\/wp-json\/wp\/v2\/pages\/7210","targetHints":{"allow":["GET"]}}],"collection":[{"href":"https:\/\/orchidleja.com\/index.php\/wp-json\/wp\/v2\/pages"}],"about":[{"href":"https:\/\/orchidleja.com\/index.php\/wp-json\/wp\/v2\/types\/page"}],"author":[{"embeddable":true,"href":"https:\/\/orchidleja.com\/index.php\/wp-json\/wp\/v2\/users\/2759"}],"replies":[{"embeddable":true,"href":"https:\/\/orchidleja.com\/index.php\/wp-json\/wp\/v2\/comments?post=7210"}],"version-history":[{"count":0,"href":"https:\/\/orchidleja.com\/index.php\/wp-json\/wp\/v2\/pages\/7210\/revisions"}],"wp:attachment":[{"href":"https:\/\/orchidleja.com\/index.php\/wp-json\/wp\/v2\/media?parent=7210"}],"curies":[{"name":"wp","href":"https:\/\/api.w.org\/{rel}","templated":true}]}}