{"id":13232,"date":"2025-03-16T14:21:22","date_gmt":"2025-03-16T13:21:22","guid":{"rendered":"https:\/\/orchidleja.com\/?post_type=product&#038;p=13232"},"modified":"2025-03-16T15:46:19","modified_gmt":"2025-03-16T14:46:19","slug":"medaljon-z-delci-orhidej-in-magenta-blescicami","status":"publish","type":"product","link":"https:\/\/orchidleja.com\/index.php\/izdelek\/medaljon-z-delci-orhidej-in-magenta-blescicami\/","title":{"rendered":"Medaljon z delci orhidej in magenta ble\u0161\u010dicami"},"content":{"rendered":"<p>Ujemite prefinjeno eleganco in naravno lepoto s tem izjemnim medaljonom, ki zdru\u017euje delce pravih orhidej in magenta ble\u0161\u010dice v ne\u017enih roza tonih. Medaljon je oblikovan z mislijo na izjemnost, saj vsak kos odra\u017ea edinstveno harmonijo narave in elegance. Izdelan je iz visokokakovostnega nerjave\u010dega jekla, ki zagotavlja njegovo trajnost, odpornost in brez\u010dasni sijaj.<\/p>\n<p>Barvni preliv v roza tonih z magenta ble\u0161\u010dicami poudarja ne\u017enost in izstopajo\u010do lepoto orhidej. Z obeskom velikosti 21 mm medaljon zdru\u017euje subtilnost in eleganco, dol\u017eina ogrlice, ki meri 44 cm, pa je popolna za udobno no\u0161enje in eleganten videz pri razli\u010dnih stilih \u2013 od vsakdanjega do ve\u010dernega.<\/p>\n<ul>\n<li><strong>Material:<\/strong> Nerjave\u010de jeklo, ki zagotavlja trajnost<\/li>\n<li><strong>Detajli:<\/strong> Pravi delci orhidej in magenta ble\u0161\u010dice<\/li>\n<li><strong>Barva:<\/strong> Mo\u010dni roza toni<\/li>\n<li><strong>Velikost obeska:<\/strong> 21 mm<\/li>\n<li><strong>Dol\u017eina ogrlice:<\/strong> 44 cm<\/li>\n<\/ul>\n<p>Medaljon je ve\u010d kot le kos nakita \u2013 je unikatna mojstrovina, ki simbolizira naravno lepoto in prefinjen okus.<br \/>\nPri medaljonu je vklju\u010dena tudi ogrlica, kar ga naredi popolno darilo ali nepogre\u0161ljiv dodatek za vsako prilo\u017enost.<\/p>\n","protected":false},"excerpt":{"rendered":"<p>Ujemite prefinjeno eleganco in naravno lepoto s tem izjemnim medaljonom, ki zdru\u017euje delce pravih orhidej in magenta ble\u0161\u010dice v ne\u017enih roza tonih. Medaljon je oblikovan z mislijo na izjemnost, saj vsak kos odra\u017ea edinstveno harmonijo narave in elegance. Izdelan je iz visokokakovostnega nerjave\u010dega jekla, ki zagotavlja njegovo trajnost, odpornost in brez\u010dasni sijaj. Barvni preliv v [&hellip;]<\/p>\n","protected":false},"featured_media":13233,"comment_status":"open","ping_status":"closed","template":"","meta":{"_eb_attr":""},"product_cat":[23],"product_tag":[],"class_list":{"0":"post-13232","1":"product","2":"type-product","3":"status-publish","4":"has-post-thumbnail","6":"product_brand-lilalom","7":"product_cat-ogrlice","9":"first","10":"instock","11":"sold-individually","12":"purchasable","13":"product-type-simple"},"_links":{"self":[{"href":"https:\/\/orchidleja.com\/index.php\/wp-json\/wp\/v2\/product\/13232","targetHints":{"allow":["GET"]}}],"collection":[{"href":"https:\/\/orchidleja.com\/index.php\/wp-json\/wp\/v2\/product"}],"about":[{"href":"https:\/\/orchidleja.com\/index.php\/wp-json\/wp\/v2\/types\/product"}],"replies":[{"embeddable":true,"href":"https:\/\/orchidleja.com\/index.php\/wp-json\/wp\/v2\/comments?post=13232"}],"wp:featuredmedia":[{"embeddable":true,"href":"https:\/\/orchidleja.com\/index.php\/wp-json\/wp\/v2\/media\/13233"}],"wp:attachment":[{"href":"https:\/\/orchidleja.com\/index.php\/wp-json\/wp\/v2\/media?parent=13232"}],"wp:term":[{"taxonomy":"product_cat","embeddable":true,"href":"https:\/\/orchidleja.com\/index.php\/wp-json\/wp\/v2\/product_cat?post=13232"},{"taxonomy":"product_tag","embeddable":true,"href":"https:\/\/orchidleja.com\/index.php\/wp-json\/wp\/v2\/product_tag?post=13232"}],"curies":[{"name":"wp","href":"https:\/\/api.w.org\/{rel}","templated":true}]}}