{"id":13236,"date":"2025-03-20T19:46:10","date_gmt":"2025-03-20T18:46:10","guid":{"rendered":"https:\/\/orchidleja.com\/?post_type=product&#038;p=13236"},"modified":"2025-04-27T22:07:12","modified_gmt":"2025-04-27T20:07:12","slug":"komplet-nakita-iz-delcev-cvetov-orhideje","status":"publish","type":"product","link":"https:\/\/orchidleja.com\/index.php\/izdelek\/komplet-nakita-iz-delcev-cvetov-orhideje\/","title":{"rendered":"Komplet nakita iz delcev cvetov orhideje"},"content":{"rendered":"<p>Dopolnite svoj videz z ne\u017enim in prefinjenim kompletom nakita, izdelanim iz delcev cvetov orhideje. Komplet vklju\u010duje obesek v obliki srca na ogrlici in ujemajo\u010de okrogle uhane, ki iz\u017earevajo naravno lepoto in eleganco. Vsi kovinski deli so izdelani iz visokokakovostnega nerjave\u010dega jekla, kar zagotavlja vzdr\u017eljivost in brez\u010dasen sijaj.<\/p>\n<ul>\n<li><strong>Material:<\/strong> Nerjave\u010de jeklo<\/li>\n<li><strong>Detajli:<\/strong> Delci pravih cvetov orhideje<\/li>\n<li><strong>Oblika:<\/strong> Obesek v obliki srca, okrogli uhani<\/li>\n<li><strong>Velikost obeska:<\/strong> 31 mm<\/li>\n<li><strong>Dol\u017eina ogrlice:<\/strong> 55 cm<\/li>\n<li><strong>Velikost uhanov:<\/strong> Premer: 21 mm, dol\u017eina: 30 mm<\/li>\n<\/ul>\n<p>Ta komplet nakita zdru\u017euje naravno lepoto in brez\u010dasni dizajn, zaradi \u010desar je popoln za vsakodnevno no\u0161enje ali kot izjemno darilo za posebne prilo\u017enosti.<\/p>\n","protected":false},"excerpt":{"rendered":"<p>Dopolnite svoj videz z ne\u017enim in prefinjenim kompletom nakita, izdelanim iz delcev cvetov orhideje. Komplet vklju\u010duje obesek v obliki srca na ogrlici in ujemajo\u010de okrogle uhane, ki iz\u017earevajo naravno lepoto in eleganco. Vsi kovinski deli so izdelani iz visokokakovostnega nerjave\u010dega jekla, kar zagotavlja vzdr\u017eljivost in brez\u010dasen sijaj. Material: Nerjave\u010de jeklo Detajli: Delci pravih cvetov orhideje [&hellip;]<\/p>\n","protected":false},"featured_media":13240,"comment_status":"open","ping_status":"closed","template":"","meta":{"_eb_attr":""},"product_cat":[23,199,27],"product_tag":[],"class_list":{"0":"post-13236","1":"product","2":"type-product","3":"status-publish","4":"has-post-thumbnail","6":"product_brand-lilalom","7":"product_cat-ogrlice","8":"product_cat-viseci-uhani","9":"product_cat-kompleti","11":"first","12":"instock","13":"sale","14":"sold-individually","15":"purchasable","16":"product-type-simple"},"_links":{"self":[{"href":"https:\/\/orchidleja.com\/index.php\/wp-json\/wp\/v2\/product\/13236","targetHints":{"allow":["GET"]}}],"collection":[{"href":"https:\/\/orchidleja.com\/index.php\/wp-json\/wp\/v2\/product"}],"about":[{"href":"https:\/\/orchidleja.com\/index.php\/wp-json\/wp\/v2\/types\/product"}],"replies":[{"embeddable":true,"href":"https:\/\/orchidleja.com\/index.php\/wp-json\/wp\/v2\/comments?post=13236"}],"wp:featuredmedia":[{"embeddable":true,"href":"https:\/\/orchidleja.com\/index.php\/wp-json\/wp\/v2\/media\/13240"}],"wp:attachment":[{"href":"https:\/\/orchidleja.com\/index.php\/wp-json\/wp\/v2\/media?parent=13236"}],"wp:term":[{"taxonomy":"product_cat","embeddable":true,"href":"https:\/\/orchidleja.com\/index.php\/wp-json\/wp\/v2\/product_cat?post=13236"},{"taxonomy":"product_tag","embeddable":true,"href":"https:\/\/orchidleja.com\/index.php\/wp-json\/wp\/v2\/product_tag?post=13236"}],"curies":[{"name":"wp","href":"https:\/\/api.w.org\/{rel}","templated":true}]}}