{"id":13241,"date":"2025-03-30T18:46:55","date_gmt":"2025-03-30T16:46:55","guid":{"rendered":"https:\/\/orchidleja.com\/?post_type=product&#038;p=13241"},"modified":"2025-03-30T21:16:31","modified_gmt":"2025-03-30T19:16:31","slug":"medaljon-z-delci-orhidej-na-zeleni-podlagi","status":"publish","type":"product","link":"https:\/\/orchidleja.com\/index.php\/izdelek\/medaljon-z-delci-orhidej-na-zeleni-podlagi\/","title":{"rendered":"Medaljon z delci orhidej na zeleni podlagi"},"content":{"rendered":"<p>Pridih naravne elegance in unikatnosti je ujet v tem \u010dudovitem medaljonu z delci pravih orhidej na zeleni podlagi. Medaljon zdru\u017euje lepoto narave in sodoben dizajn, kar ga naredi popoln dodatek za vsakogar, ki ceni unikatne in prefinjene kose nakita. Z ne\u017enimi detajli delcev orhidej, ujete na subtilni zeleni podlagi, medaljon oddaja poseben \u010dar, ki pritegne pozornost.<\/p>\n<p>Izdelan iz visokokakovostnega nerjave\u010dega jekla, medaljon zagotavlja trajnost in sijaj, ki ostaneta brezhibna tudi po dalj\u0161i uporabi. Velikost obeska 21 x 8 mm je idealna za diskretno no\u0161enje, medtem ko dol\u017eina ogrlice, pribli\u017eno 48 cm, omogo\u010da udobno prileganje in elegantno no\u0161njo. Ta edinstven kos je primeren tako za posebne prilo\u017enosti kot za vsakodnevno eleganco.<\/p>\n<ul>\n<li><strong>Material:<\/strong> Nerjave\u010de jeklo, ki zagotavlja trpe\u017enost in brez\u010dasno lepoto<\/li>\n<li><strong>Detajli:<\/strong> Pravi delci orhidej na zeleni podlagi<\/li>\n<li><strong>Velikost medaljona:<\/strong> 21 x 8 mm<\/li>\n<li><strong>Dol\u017eina ogrlice:<\/strong> Pribli\u017eno 48 cm<\/li>\n<\/ul>\n<p>Ta medaljon ni le kos nakita, ampak poklon naravi in njenim \u010darom. Poudarite svojo osebnost ali presenetite svoje bli\u017enje s tem \u010dudovitim, naravno navdihnjenim dodatkom.<\/p>\n","protected":false},"excerpt":{"rendered":"<p>Pridih naravne elegance in unikatnosti je ujet v tem \u010dudovitem medaljonu z delci pravih orhidej na zeleni podlagi. Medaljon zdru\u017euje lepoto narave in sodoben dizajn, kar ga naredi popoln dodatek za vsakogar, ki ceni unikatne in prefinjene kose nakita. Z ne\u017enimi detajli delcev orhidej, ujete na subtilni zeleni podlagi, medaljon oddaja poseben \u010dar, ki pritegne [&hellip;]<\/p>\n","protected":false},"featured_media":13245,"comment_status":"open","ping_status":"closed","template":"","meta":{"_eb_attr":""},"product_cat":[23],"product_tag":[],"class_list":{"0":"post-13241","1":"product","2":"type-product","3":"status-publish","4":"has-post-thumbnail","6":"product_brand-lilalom","7":"product_cat-ogrlice","9":"first","10":"instock","11":"sold-individually","12":"purchasable","13":"product-type-simple"},"_links":{"self":[{"href":"https:\/\/orchidleja.com\/index.php\/wp-json\/wp\/v2\/product\/13241","targetHints":{"allow":["GET"]}}],"collection":[{"href":"https:\/\/orchidleja.com\/index.php\/wp-json\/wp\/v2\/product"}],"about":[{"href":"https:\/\/orchidleja.com\/index.php\/wp-json\/wp\/v2\/types\/product"}],"replies":[{"embeddable":true,"href":"https:\/\/orchidleja.com\/index.php\/wp-json\/wp\/v2\/comments?post=13241"}],"wp:featuredmedia":[{"embeddable":true,"href":"https:\/\/orchidleja.com\/index.php\/wp-json\/wp\/v2\/media\/13245"}],"wp:attachment":[{"href":"https:\/\/orchidleja.com\/index.php\/wp-json\/wp\/v2\/media?parent=13241"}],"wp:term":[{"taxonomy":"product_cat","embeddable":true,"href":"https:\/\/orchidleja.com\/index.php\/wp-json\/wp\/v2\/product_cat?post=13241"},{"taxonomy":"product_tag","embeddable":true,"href":"https:\/\/orchidleja.com\/index.php\/wp-json\/wp\/v2\/product_tag?post=13241"}],"curies":[{"name":"wp","href":"https:\/\/api.w.org\/{rel}","templated":true}]}}