{"id":13246,"date":"2025-03-30T21:41:35","date_gmt":"2025-03-30T19:41:35","guid":{"rendered":"https:\/\/orchidleja.com\/?post_type=product&#038;p=13246"},"modified":"2025-03-30T21:44:23","modified_gmt":"2025-03-30T19:44:23","slug":"transparentni-obesek-z-delci-orhidej","status":"publish","type":"product","link":"https:\/\/orchidleja.com\/index.php\/izdelek\/transparentni-obesek-z-delci-orhidej\/","title":{"rendered":"Transparentni obesek z delci orhidej"},"content":{"rendered":"<p>Prefinjena eleganca in naravna lepota se prepletata v tem \u010dudovitem transparentnem obesku. Zaobljena trikotna oblika obeska omogo\u010da, da skozi njega ob\u010dudujete unikatne delce pravih orhidej. Vsi kovinski deli, vklju\u010dno z ogrlico, so izdelani iz visokokakovostnega nerjave\u010dega jekla, kar zagotavlja trpe\u017enost in brez\u010dasen sijaj.<\/p>\n<ul>\n<li><strong>Material:<\/strong> Nerjave\u010de jeklo<\/li>\n<li><strong>Detajli:<\/strong> Transparenten obesek z delci orhidej<\/li>\n<li><strong>Oblika:<\/strong> Zaobljena trikotna<\/li>\n<li><strong>Velikost obeska:<\/strong> 19&#215;6 mm<\/li>\n<li><strong>Dol\u017eina ogrlice:<\/strong> 47 cm<\/li>\n<\/ul>\n<p>Ta obesek je popoln za ljubitelje narave in minimalisti\u010dnega dizajna. Z elegantno obliko in naravnimi elementi je primeren za vsakodnevno no\u0161enje ali kot poseben dodatek za posebne prilo\u017enosti.<\/p>\n","protected":false},"excerpt":{"rendered":"<p>Prefinjena eleganca in naravna lepota se prepletata v tem \u010dudovitem transparentnem obesku. Zaobljena trikotna oblika obeska omogo\u010da, da skozi njega ob\u010dudujete unikatne delce pravih orhidej. Vsi kovinski deli, vklju\u010dno z ogrlico, so izdelani iz visokokakovostnega nerjave\u010dega jekla, kar zagotavlja trpe\u017enost in brez\u010dasen sijaj. Material: Nerjave\u010de jeklo Detajli: Transparenten obesek z delci orhidej Oblika: Zaobljena trikotna [&hellip;]<\/p>\n","protected":false},"featured_media":13249,"comment_status":"open","ping_status":"closed","template":"","meta":{"_eb_attr":""},"product_cat":[23],"product_tag":[],"class_list":{"0":"post-13246","1":"product","2":"type-product","3":"status-publish","4":"has-post-thumbnail","6":"product_brand-lilalom","7":"product_cat-ogrlice","9":"first","10":"instock","11":"sold-individually","12":"purchasable","13":"product-type-simple"},"_links":{"self":[{"href":"https:\/\/orchidleja.com\/index.php\/wp-json\/wp\/v2\/product\/13246","targetHints":{"allow":["GET"]}}],"collection":[{"href":"https:\/\/orchidleja.com\/index.php\/wp-json\/wp\/v2\/product"}],"about":[{"href":"https:\/\/orchidleja.com\/index.php\/wp-json\/wp\/v2\/types\/product"}],"replies":[{"embeddable":true,"href":"https:\/\/orchidleja.com\/index.php\/wp-json\/wp\/v2\/comments?post=13246"}],"wp:featuredmedia":[{"embeddable":true,"href":"https:\/\/orchidleja.com\/index.php\/wp-json\/wp\/v2\/media\/13249"}],"wp:attachment":[{"href":"https:\/\/orchidleja.com\/index.php\/wp-json\/wp\/v2\/media?parent=13246"}],"wp:term":[{"taxonomy":"product_cat","embeddable":true,"href":"https:\/\/orchidleja.com\/index.php\/wp-json\/wp\/v2\/product_cat?post=13246"},{"taxonomy":"product_tag","embeddable":true,"href":"https:\/\/orchidleja.com\/index.php\/wp-json\/wp\/v2\/product_tag?post=13246"}],"curies":[{"name":"wp","href":"https:\/\/api.w.org\/{rel}","templated":true}]}}