{"id":13253,"date":"2025-03-30T22:19:31","date_gmt":"2025-03-30T20:19:31","guid":{"rendered":"https:\/\/orchidleja.com\/?post_type=product&#038;p=13253"},"modified":"2025-03-30T22:20:52","modified_gmt":"2025-03-30T20:20:52","slug":"prstan-zlate-barve-z-listi-pravih-orhidej","status":"publish","type":"product","link":"https:\/\/orchidleja.com\/index.php\/izdelek\/prstan-zlate-barve-z-listi-pravih-orhidej\/","title":{"rendered":"Prstan zlate barve z listi pravih orhidej"},"content":{"rendered":"<p>Ujemite naravno eleganco in unikatnost s tem prelepim prstanom zlate barve. Prstan je okra\u0161en z ne\u017enimi listi pravih orhidej, ki dodajo pridih naravne lepote in prefinjenosti. Okras na prstanu meri 13 x 13 mm, kar mu daje ravno prav\u0161njo izstopnost za \u010dudovit videz.<\/p>\n<p>Izdelan iz kakovostnega nerjave\u010dega jekla, prstan zdru\u017euje trajnost in eleganco. Njegova velikost je prilagodljiva, saj premer 16 mm ali ve\u010d omogo\u010da enostavno nastavitev z upogibanjem, da se popolnoma prilega va\u0161i meri.<\/p>\n<ul>\n<li><strong>Material:<\/strong> Nerjave\u010de jeklo<\/li>\n<li><strong>Barva:<\/strong> Zlata<\/li>\n<li><strong>Detajli:<\/strong> Okras z listi pravih orhidej<\/li>\n<li><strong>Velikost okrasa:<\/strong> 13 x 13 mm<\/li>\n<li><strong>Prilagodljivost:<\/strong> Premer prstana 16 mm ali ve\u010d<\/li>\n<\/ul>\n<p>Ta unikatni prstan je popoln za vsakodnevno no\u0161enje ali kot izjemen dodatek za posebne prilo\u017enosti. Poudarite svojo ljubezen do narave in elegance z brez\u010dasno lepoto tega prstana.<\/p>\n","protected":false},"excerpt":{"rendered":"<p>Ujemite naravno eleganco in unikatnost s tem prelepim prstanom zlate barve. Prstan je okra\u0161en z ne\u017enimi listi pravih orhidej, ki dodajo pridih naravne lepote in prefinjenosti. Okras na prstanu meri 13 x 13 mm, kar mu daje ravno prav\u0161njo izstopnost za \u010dudovit videz. Izdelan iz kakovostnega nerjave\u010dega jekla, prstan zdru\u017euje trajnost in eleganco. Njegova velikost [&hellip;]<\/p>\n","protected":false},"featured_media":13256,"comment_status":"open","ping_status":"closed","template":"","meta":{"_eb_attr":""},"product_cat":[25],"product_tag":[],"class_list":{"0":"post-13253","1":"product","2":"type-product","3":"status-publish","4":"has-post-thumbnail","6":"product_brand-lilalom","7":"product_cat-prstani","9":"first","10":"instock","11":"sold-individually","12":"purchasable","13":"product-type-simple"},"_links":{"self":[{"href":"https:\/\/orchidleja.com\/index.php\/wp-json\/wp\/v2\/product\/13253","targetHints":{"allow":["GET"]}}],"collection":[{"href":"https:\/\/orchidleja.com\/index.php\/wp-json\/wp\/v2\/product"}],"about":[{"href":"https:\/\/orchidleja.com\/index.php\/wp-json\/wp\/v2\/types\/product"}],"replies":[{"embeddable":true,"href":"https:\/\/orchidleja.com\/index.php\/wp-json\/wp\/v2\/comments?post=13253"}],"wp:featuredmedia":[{"embeddable":true,"href":"https:\/\/orchidleja.com\/index.php\/wp-json\/wp\/v2\/media\/13256"}],"wp:attachment":[{"href":"https:\/\/orchidleja.com\/index.php\/wp-json\/wp\/v2\/media?parent=13253"}],"wp:term":[{"taxonomy":"product_cat","embeddable":true,"href":"https:\/\/orchidleja.com\/index.php\/wp-json\/wp\/v2\/product_cat?post=13253"},{"taxonomy":"product_tag","embeddable":true,"href":"https:\/\/orchidleja.com\/index.php\/wp-json\/wp\/v2\/product_tag?post=13253"}],"curies":[{"name":"wp","href":"https:\/\/api.w.org\/{rel}","templated":true}]}}