{"id":13260,"date":"2025-04-27T21:14:18","date_gmt":"2025-04-27T19:14:18","guid":{"rendered":"https:\/\/orchidleja.com\/?post_type=product&#038;p=13260"},"modified":"2025-04-28T10:34:22","modified_gmt":"2025-04-28T08:34:22","slug":"zapestnica-z-delci-orhidej-z-rdeco-pleteno-vrvico","status":"publish","type":"product","link":"https:\/\/orchidleja.com\/index.php\/izdelek\/zapestnica-z-delci-orhidej-z-rdeco-pleteno-vrvico\/","title":{"rendered":"Zapestnica z delci orhidej z rde\u010do pleteno vrvico"},"content":{"rendered":"<p>Dodajte svojemu videzu kan\u010dek naravne lepote z edinstveno zapestnico, ki vsebuje \u010dudovit medaljon z raznobarvnimi delci iz cvetov orhidej. Ti skrbno vklju\u010deni delci v zlati medaljon ustvarijo prefinjen in naraven videz, zaradi \u010desar je zapestnica nekaj prav posebnega.<\/p>\n<p><strong>Lastnosti zapestnice:<\/strong><\/p>\n<ul>\n<li><strong>Medaljon:<\/strong> Zlata barva, premer 12 mm, vsebuje raznobarvne delce iz cvetov orhidej.<\/li>\n<li><strong>Materiali:<\/strong>\n<ul>\n<li>Pletena vrvica v rde\u010di barvi.<\/li>\n<li>Kovinski deli iz visokokakovostnega nerjave\u010dega jekla.<\/li>\n<\/ul>\n<\/li>\n<li><strong>Dol\u017eina:<\/strong> Prilagodljiva, od 16 cm do 28 cm, primerna za razli\u010dne velikosti zapestij, tudi za ve\u010dje premere.<\/li>\n<\/ul>\n<p>Popolno darilo ali osebni dodatek za tiste, ki cenijo ro\u010dno izdelan nakit s posebnim pomenom. \ud83c\udf38<\/p>\n","protected":false},"excerpt":{"rendered":"<p>Dodajte svojemu videzu kan\u010dek naravne lepote z edinstveno zapestnico, ki vsebuje \u010dudovit medaljon z raznobarvnimi delci iz cvetov orhidej. Ti skrbno vklju\u010deni delci v zlati medaljon ustvarijo prefinjen in naraven videz, zaradi \u010desar je zapestnica nekaj prav posebnega. Lastnosti zapestnice: Medaljon: Zlata barva, premer 12 mm, vsebuje raznobarvne delce iz cvetov orhidej. Materiali: Pletena vrvica [&hellip;]<\/p>\n","protected":false},"featured_media":13261,"comment_status":"open","ping_status":"closed","template":"","meta":{"_eb_attr":""},"product_cat":[24],"product_tag":[],"class_list":{"0":"post-13260","1":"product","2":"type-product","3":"status-publish","4":"has-post-thumbnail","6":"product_brand-lilalom","7":"product_cat-zapestnice","9":"first","10":"instock","11":"sold-individually","12":"purchasable","13":"product-type-simple"},"_links":{"self":[{"href":"https:\/\/orchidleja.com\/index.php\/wp-json\/wp\/v2\/product\/13260","targetHints":{"allow":["GET"]}}],"collection":[{"href":"https:\/\/orchidleja.com\/index.php\/wp-json\/wp\/v2\/product"}],"about":[{"href":"https:\/\/orchidleja.com\/index.php\/wp-json\/wp\/v2\/types\/product"}],"replies":[{"embeddable":true,"href":"https:\/\/orchidleja.com\/index.php\/wp-json\/wp\/v2\/comments?post=13260"}],"wp:featuredmedia":[{"embeddable":true,"href":"https:\/\/orchidleja.com\/index.php\/wp-json\/wp\/v2\/media\/13261"}],"wp:attachment":[{"href":"https:\/\/orchidleja.com\/index.php\/wp-json\/wp\/v2\/media?parent=13260"}],"wp:term":[{"taxonomy":"product_cat","embeddable":true,"href":"https:\/\/orchidleja.com\/index.php\/wp-json\/wp\/v2\/product_cat?post=13260"},{"taxonomy":"product_tag","embeddable":true,"href":"https:\/\/orchidleja.com\/index.php\/wp-json\/wp\/v2\/product_tag?post=13260"}],"curies":[{"name":"wp","href":"https:\/\/api.w.org\/{rel}","templated":true}]}}