{"id":13264,"date":"2025-04-27T21:54:51","date_gmt":"2025-04-27T19:54:51","guid":{"rendered":"https:\/\/orchidleja.com\/?post_type=product&#038;p=13264"},"modified":"2025-04-28T10:34:14","modified_gmt":"2025-04-28T08:34:14","slug":"zapestnica-z-blescicami-in-delci-orhidej","status":"publish","type":"product","link":"https:\/\/orchidleja.com\/index.php\/izdelek\/zapestnica-z-blescicami-in-delci-orhidej\/","title":{"rendered":"Zapestnica z ble\u0161\u010dicami in delci orhidej"},"content":{"rendered":"<p>O\u010darajte z elegantno zapestnico, ki zdru\u017euje naravno lepoto in prefinjen dizajn. Medaljon z ble\u0161\u010dicami in delci orhidej prina\u0161a pridih \u010darobnosti, medtem ko zapestni del iz pravega usnja zagotavlja udobje in trajnost.<\/p>\n<p><strong>Lastnosti zapestnice:<\/strong><\/p>\n<ul>\n<li><strong>Medaljon:<\/strong> 19 x 13 mm, vsebuje ble\u0161\u010dice in delce iz cvetov orhidej.<\/li>\n<li><strong>Materiali:<\/strong>\n<ul>\n<li>Zapestni del iz pravega usnja.<\/li>\n<li>Kovinski deli iz visokokakovostnega nerjave\u010dega jekla.<\/li>\n<\/ul>\n<\/li>\n<li><strong>Dol\u017eina:<\/strong> Prilagodljiva velikost, od 10 cm do 25 cm, primerna tako za majhna kot za ve\u010dja zapestja.<\/li>\n<\/ul>\n<p>Prefinjeno darilo ali osebni dodatek za vse, ki cenijo edinstven nakit s pridihom narave. \ud83c\udf1f<\/p>\n","protected":false},"excerpt":{"rendered":"<p>O\u010darajte z elegantno zapestnico, ki zdru\u017euje naravno lepoto in prefinjen dizajn. Medaljon z ble\u0161\u010dicami in delci orhidej prina\u0161a pridih \u010darobnosti, medtem ko zapestni del iz pravega usnja zagotavlja udobje in trajnost. Lastnosti zapestnice: Medaljon: 19 x 13 mm, vsebuje ble\u0161\u010dice in delce iz cvetov orhidej. Materiali: Zapestni del iz pravega usnja. Kovinski deli iz visokokakovostnega [&hellip;]<\/p>\n","protected":false},"featured_media":13266,"comment_status":"open","ping_status":"closed","template":"","meta":{"_eb_attr":""},"product_cat":[24],"product_tag":[],"class_list":{"0":"post-13264","1":"product","2":"type-product","3":"status-publish","4":"has-post-thumbnail","6":"product_brand-lilalom","7":"product_cat-zapestnice","9":"first","10":"instock","11":"sold-individually","12":"purchasable","13":"product-type-simple"},"_links":{"self":[{"href":"https:\/\/orchidleja.com\/index.php\/wp-json\/wp\/v2\/product\/13264","targetHints":{"allow":["GET"]}}],"collection":[{"href":"https:\/\/orchidleja.com\/index.php\/wp-json\/wp\/v2\/product"}],"about":[{"href":"https:\/\/orchidleja.com\/index.php\/wp-json\/wp\/v2\/types\/product"}],"replies":[{"embeddable":true,"href":"https:\/\/orchidleja.com\/index.php\/wp-json\/wp\/v2\/comments?post=13264"}],"wp:featuredmedia":[{"embeddable":true,"href":"https:\/\/orchidleja.com\/index.php\/wp-json\/wp\/v2\/media\/13266"}],"wp:attachment":[{"href":"https:\/\/orchidleja.com\/index.php\/wp-json\/wp\/v2\/media?parent=13264"}],"wp:term":[{"taxonomy":"product_cat","embeddable":true,"href":"https:\/\/orchidleja.com\/index.php\/wp-json\/wp\/v2\/product_cat?post=13264"},{"taxonomy":"product_tag","embeddable":true,"href":"https:\/\/orchidleja.com\/index.php\/wp-json\/wp\/v2\/product_tag?post=13264"}],"curies":[{"name":"wp","href":"https:\/\/api.w.org\/{rel}","templated":true}]}}