{"id":13296,"date":"2025-04-28T22:14:41","date_gmt":"2025-04-28T20:14:41","guid":{"rendered":"https:\/\/orchidleja.com\/?post_type=product&#038;p=13296"},"modified":"2025-04-28T22:21:05","modified_gmt":"2025-04-28T20:21:05","slug":"minimalisticna-zapestnica-bele-barve-z-delci-orhidej","status":"publish","type":"product","link":"https:\/\/orchidleja.com\/index.php\/izdelek\/minimalisticna-zapestnica-bele-barve-z-delci-orhidej\/","title":{"rendered":"Minimalisti\u010dna zapestnica bele barve z delci orhidej"},"content":{"rendered":"<p>Dodajte pridih elegance svojemu stilu z minimalisti\u010dno zapestnico v beli barvi, obogateno z delci pravih orhidej. Ta prefinjen modni dodatek je popoln za vse, ki cenijo subtilno lepoto narave in preprost dizajn.<\/p>\n<ul>\n<li><strong>Velikost medaljona<\/strong>: 12 mm, kar zagotavlja ravno pravo mero vidnosti in prefinjenosti.<\/li>\n<li><strong>Dol\u017eina zapestnice<\/strong>: 17 cm z dodatkom 3 cm za podalj\u0161anje, kar omogo\u010da prilagoditev za udobno no\u0161enje.<\/li>\n<li><strong>Materiali<\/strong>: Zapestnica je izdelana iz visokokakovostnega nerjave\u010dega jekla in ekolo\u0161ke epoksi smole, kar zagotavlja trajnost in prijaznost do okolja.<\/li>\n<\/ul>\n<p>Ta \u010dudovita zapestnica je idealna izbira za vsakodnevno no\u0161enje, posebne prilo\u017enosti ali kot premi\u0161ljeno darilo, ki izra\u017ea skrbno pozornost do detajlov. Zasijte z zapestnico, ki zdru\u017euje naravno lepoto, trajnost in brez\u010dasno eleganco.<\/p>\n","protected":false},"excerpt":{"rendered":"<p>Dodajte pridih elegance svojemu stilu z minimalisti\u010dno zapestnico v beli barvi, obogateno z delci pravih orhidej. Ta prefinjen modni dodatek je popoln za vse, ki cenijo subtilno lepoto narave in preprost dizajn. Velikost medaljona: 12 mm, kar zagotavlja ravno pravo mero vidnosti in prefinjenosti. Dol\u017eina zapestnice: 17 cm z dodatkom 3 cm za podalj\u0161anje, kar [&hellip;]<\/p>\n","protected":false},"featured_media":13300,"comment_status":"open","ping_status":"closed","template":"","meta":{"_eb_attr":""},"product_cat":[24],"product_tag":[],"class_list":{"0":"post-13296","1":"product","2":"type-product","3":"status-publish","4":"has-post-thumbnail","6":"product_brand-lilalom","7":"product_cat-zapestnice","9":"first","10":"instock","11":"sold-individually","12":"purchasable","13":"product-type-simple"},"_links":{"self":[{"href":"https:\/\/orchidleja.com\/index.php\/wp-json\/wp\/v2\/product\/13296","targetHints":{"allow":["GET"]}}],"collection":[{"href":"https:\/\/orchidleja.com\/index.php\/wp-json\/wp\/v2\/product"}],"about":[{"href":"https:\/\/orchidleja.com\/index.php\/wp-json\/wp\/v2\/types\/product"}],"replies":[{"embeddable":true,"href":"https:\/\/orchidleja.com\/index.php\/wp-json\/wp\/v2\/comments?post=13296"}],"wp:featuredmedia":[{"embeddable":true,"href":"https:\/\/orchidleja.com\/index.php\/wp-json\/wp\/v2\/media\/13300"}],"wp:attachment":[{"href":"https:\/\/orchidleja.com\/index.php\/wp-json\/wp\/v2\/media?parent=13296"}],"wp:term":[{"taxonomy":"product_cat","embeddable":true,"href":"https:\/\/orchidleja.com\/index.php\/wp-json\/wp\/v2\/product_cat?post=13296"},{"taxonomy":"product_tag","embeddable":true,"href":"https:\/\/orchidleja.com\/index.php\/wp-json\/wp\/v2\/product_tag?post=13296"}],"curies":[{"name":"wp","href":"https:\/\/api.w.org\/{rel}","templated":true}]}}