{"id":13309,"date":"2025-04-30T23:44:43","date_gmt":"2025-04-30T21:44:43","guid":{"rendered":"https:\/\/orchidleja.com\/?post_type=product&#038;p=13309"},"modified":"2025-04-30T23:50:52","modified_gmt":"2025-04-30T21:50:52","slug":"klasicni-okrogli-uhani-z-mozaikom-iz-orhidej","status":"publish","type":"product","link":"https:\/\/orchidleja.com\/index.php\/izdelek\/klasicni-okrogli-uhani-z-mozaikom-iz-orhidej\/","title":{"rendered":"Klasi\u010dni okrogli uhani z mozaikom iz orhidej"},"content":{"rendered":"<p>Popestrite svoj videz s <strong>klasi\u010dnimi okroglimi uhani<\/strong> z mozaikom iz orhidej. Ti elegantni uhani zdru\u017eujejo <strong>naravno estetiko<\/strong> in <strong>brez\u010dasno eleganco<\/strong>, zaradi \u010desar so idealni tako za <strong>vsakodnevno no\u0161enje<\/strong> kot za <strong>posebne prilo\u017enosti<\/strong>.<\/p>\n<ul>\n<li><strong>Velikost:<\/strong> Premer uhanov je <strong>8 mm<\/strong>, kar omogo\u010da subtilen, a prepoznaven modni dodatek.<\/li>\n<li><strong>Material:<\/strong> Izdelani iz <strong>nerjave\u010dega jekla<\/strong>, ki zagotavlja obstojnost in odpornost, ter <strong>epoksi smole<\/strong>, ki poudari unikatno lepoto mozaika iz orhidej.<\/li>\n<\/ul>\n<p>S svojim edinstvenim dizajnom so uhani <strong>popoln izbor za vse<\/strong>, ki \u017eelijo izraziti svojo ljubezen do narave in elegance, obenem pa predstavljajo <strong>izvrstno izbiro za darilo<\/strong> ob posebnih trenutkih.<\/p>\n","protected":false},"excerpt":{"rendered":"<p>Popestrite svoj videz s klasi\u010dnimi okroglimi uhani z mozaikom iz orhidej. Ti elegantni uhani zdru\u017eujejo naravno estetiko in brez\u010dasno eleganco, zaradi \u010desar so idealni tako za vsakodnevno no\u0161enje kot za posebne prilo\u017enosti. Velikost: Premer uhanov je 8 mm, kar omogo\u010da subtilen, a prepoznaven modni dodatek. Material: Izdelani iz nerjave\u010dega jekla, ki zagotavlja obstojnost in odpornost, [&hellip;]<\/p>\n","protected":false},"featured_media":13312,"comment_status":"open","ping_status":"closed","template":"","meta":{"_eb_attr":""},"product_cat":[198],"product_tag":[],"class_list":{"0":"post-13309","1":"product","2":"type-product","3":"status-publish","4":"has-post-thumbnail","6":"product_brand-lilalom","7":"product_cat-klasicni-uhani","9":"first","10":"instock","11":"sold-individually","12":"purchasable","13":"product-type-simple"},"_links":{"self":[{"href":"https:\/\/orchidleja.com\/index.php\/wp-json\/wp\/v2\/product\/13309","targetHints":{"allow":["GET"]}}],"collection":[{"href":"https:\/\/orchidleja.com\/index.php\/wp-json\/wp\/v2\/product"}],"about":[{"href":"https:\/\/orchidleja.com\/index.php\/wp-json\/wp\/v2\/types\/product"}],"replies":[{"embeddable":true,"href":"https:\/\/orchidleja.com\/index.php\/wp-json\/wp\/v2\/comments?post=13309"}],"wp:featuredmedia":[{"embeddable":true,"href":"https:\/\/orchidleja.com\/index.php\/wp-json\/wp\/v2\/media\/13312"}],"wp:attachment":[{"href":"https:\/\/orchidleja.com\/index.php\/wp-json\/wp\/v2\/media?parent=13309"}],"wp:term":[{"taxonomy":"product_cat","embeddable":true,"href":"https:\/\/orchidleja.com\/index.php\/wp-json\/wp\/v2\/product_cat?post=13309"},{"taxonomy":"product_tag","embeddable":true,"href":"https:\/\/orchidleja.com\/index.php\/wp-json\/wp\/v2\/product_tag?post=13309"}],"curies":[{"name":"wp","href":"https:\/\/api.w.org\/{rel}","templated":true}]}}