{"id":13313,"date":"2025-05-01T00:03:16","date_gmt":"2025-04-30T22:03:16","guid":{"rendered":"https:\/\/orchidleja.com\/?post_type=product&#038;p=13313"},"modified":"2025-05-01T00:11:36","modified_gmt":"2025-04-30T22:11:36","slug":"okrogli-uhani-z-cvetom-orhideje-v-temno-vijolicni-barvi","status":"publish","type":"product","link":"https:\/\/orchidleja.com\/index.php\/izdelek\/okrogli-uhani-z-cvetom-orhideje-v-temno-vijolicni-barvi\/","title":{"rendered":"Okrogli uhani z cvetom orhideje v temno vijoli\u010dni barvi"},"content":{"rendered":"<p>Popestrite svoj videz s <strong>okroglimi uhani<\/strong> z <strong>cvetom orhideje<\/strong> v <strong>temno vijoli\u010dni barvi<\/strong>. Njihov eleganten dizajn zdru\u017euje <strong>naravno lepoto<\/strong> in <strong>presti\u017eno estetiko<\/strong>, kar jih naredi popolne za vsakdanje no\u0161enje ali posebne prilo\u017enosti.<\/p>\n<ul>\n<li><strong>Velikost:<\/strong> Premer uhanov je <strong>12 mm<\/strong>, kar omogo\u010da subtilen, a prepoznaven modni dodatek.<\/li>\n<li><strong>Material:<\/strong> Izdelani iz <strong>nerjave\u010dega jekla<\/strong>, ki zagotavlja trajnost in odpornost, ter <strong>epoksi smole<\/strong>, ki poudari unikatno lepoto cvetov.<\/li>\n<\/ul>\n<p>S svojim edinstvenim videzom so <strong>odli\u010dna izbira za ljubitelje naravnih motivov in prefinjenega nakita<\/strong>, obenem pa predstavljajo <strong>izvrstno darilo<\/strong> za posebne trenutke.<\/p>\n","protected":false},"excerpt":{"rendered":"<p>Popestrite svoj videz s okroglimi uhani z cvetom orhideje v temno vijoli\u010dni barvi. Njihov eleganten dizajn zdru\u017euje naravno lepoto in presti\u017eno estetiko, kar jih naredi popolne za vsakdanje no\u0161enje ali posebne prilo\u017enosti. Velikost: Premer uhanov je 12 mm, kar omogo\u010da subtilen, a prepoznaven modni dodatek. Material: Izdelani iz nerjave\u010dega jekla, ki zagotavlja trajnost in odpornost, [&hellip;]<\/p>\n","protected":false},"featured_media":13314,"comment_status":"open","ping_status":"closed","template":"","meta":{"_eb_attr":""},"product_cat":[198],"product_tag":[],"class_list":{"0":"post-13313","1":"product","2":"type-product","3":"status-publish","4":"has-post-thumbnail","6":"product_brand-lilalom","7":"product_cat-klasicni-uhani","9":"first","10":"instock","11":"sold-individually","12":"purchasable","13":"product-type-simple"},"_links":{"self":[{"href":"https:\/\/orchidleja.com\/index.php\/wp-json\/wp\/v2\/product\/13313","targetHints":{"allow":["GET"]}}],"collection":[{"href":"https:\/\/orchidleja.com\/index.php\/wp-json\/wp\/v2\/product"}],"about":[{"href":"https:\/\/orchidleja.com\/index.php\/wp-json\/wp\/v2\/types\/product"}],"replies":[{"embeddable":true,"href":"https:\/\/orchidleja.com\/index.php\/wp-json\/wp\/v2\/comments?post=13313"}],"wp:featuredmedia":[{"embeddable":true,"href":"https:\/\/orchidleja.com\/index.php\/wp-json\/wp\/v2\/media\/13314"}],"wp:attachment":[{"href":"https:\/\/orchidleja.com\/index.php\/wp-json\/wp\/v2\/media?parent=13313"}],"wp:term":[{"taxonomy":"product_cat","embeddable":true,"href":"https:\/\/orchidleja.com\/index.php\/wp-json\/wp\/v2\/product_cat?post=13313"},{"taxonomy":"product_tag","embeddable":true,"href":"https:\/\/orchidleja.com\/index.php\/wp-json\/wp\/v2\/product_tag?post=13313"}],"curies":[{"name":"wp","href":"https:\/\/api.w.org\/{rel}","templated":true}]}}