{"id":13322,"date":"2025-05-04T10:24:26","date_gmt":"2025-05-04T08:24:26","guid":{"rendered":"https:\/\/orchidleja.com\/?post_type=product&#038;p=13322"},"modified":"2025-05-04T10:41:06","modified_gmt":"2025-05-04T08:41:06","slug":"uhani-s-pridihom-orhideje-in-kameleon-blescic","status":"publish","type":"product","link":"https:\/\/orchidleja.com\/index.php\/izdelek\/uhani-s-pridihom-orhideje-in-kameleon-blescic\/","title":{"rendered":"Uhani s pridihom orhideje in kameleon ble\u0161\u010dic"},"content":{"rendered":"<p>Ti osupljivi uhani v obliki srca so prava mojstrovina naravne lepote in sodobnega dizajna. <strong>Pristni delci cvetov orhideje<\/strong> se prepletajo s <strong>kameleon ble\u0161\u010dicami<\/strong>, ki ustvarjajo ne\u017een preliv barv, spreminjajo\u010d se glede na svetlobo in kot pogleda. <strong>Temno modri in vijoli\u010dni toni<\/strong> dodajajo globino ter prefinjenost, zaradi \u010desar so idealni za posebne prilo\u017enosti in vsakodnevno eleganco.<\/p>\n<ul>\n<li><strong>Material:<\/strong> nerjave\u010de jeklo srebrne barve \u2013 zagotavlja dolgotrajno obstojnost in odpornost proti oksidaciji.<\/li>\n<li><strong>Premer uhanov:<\/strong> 10 mm \u2013 diskretna, a privla\u010dna velikost za popolno udobje.<\/li>\n<li><strong>Oblika:<\/strong> ne\u017eno srce, simbol elegance in ljubezni.<\/li>\n<li><strong>Edinstven dizajn:<\/strong> naravni cvetovi orhideje in svetlikajo\u010de kameleon ble\u0161\u010dice.<\/li>\n<\/ul>\n<p>Ti uhani so popolna izbira za vse, ki cenijo <strong>unikatnost, presti\u017e in skrivnostno lepoto narave<\/strong>. Svoj \u010dar razkrivajo ob vsakem premiku, ujamejo svetlobo ter ne\u017eno poudarijo osebni stil.<\/p>\n","protected":false},"excerpt":{"rendered":"<p>Ti osupljivi uhani v obliki srca so prava mojstrovina naravne lepote in sodobnega dizajna. Pristni delci cvetov orhideje se prepletajo s kameleon ble\u0161\u010dicami, ki ustvarjajo ne\u017een preliv barv, spreminjajo\u010d se glede na svetlobo in kot pogleda. Temno modri in vijoli\u010dni toni dodajajo globino ter prefinjenost, zaradi \u010desar so idealni za posebne prilo\u017enosti in vsakodnevno eleganco. [&hellip;]<\/p>\n","protected":false},"featured_media":13325,"comment_status":"open","ping_status":"closed","template":"","meta":{"_eb_attr":""},"product_cat":[198],"product_tag":[],"class_list":{"0":"post-13322","1":"product","2":"type-product","3":"status-publish","4":"has-post-thumbnail","6":"product_brand-lilalom","7":"product_cat-klasicni-uhani","9":"first","10":"instock","11":"sold-individually","12":"purchasable","13":"product-type-simple"},"_links":{"self":[{"href":"https:\/\/orchidleja.com\/index.php\/wp-json\/wp\/v2\/product\/13322","targetHints":{"allow":["GET"]}}],"collection":[{"href":"https:\/\/orchidleja.com\/index.php\/wp-json\/wp\/v2\/product"}],"about":[{"href":"https:\/\/orchidleja.com\/index.php\/wp-json\/wp\/v2\/types\/product"}],"replies":[{"embeddable":true,"href":"https:\/\/orchidleja.com\/index.php\/wp-json\/wp\/v2\/comments?post=13322"}],"wp:featuredmedia":[{"embeddable":true,"href":"https:\/\/orchidleja.com\/index.php\/wp-json\/wp\/v2\/media\/13325"}],"wp:attachment":[{"href":"https:\/\/orchidleja.com\/index.php\/wp-json\/wp\/v2\/media?parent=13322"}],"wp:term":[{"taxonomy":"product_cat","embeddable":true,"href":"https:\/\/orchidleja.com\/index.php\/wp-json\/wp\/v2\/product_cat?post=13322"},{"taxonomy":"product_tag","embeddable":true,"href":"https:\/\/orchidleja.com\/index.php\/wp-json\/wp\/v2\/product_tag?post=13322"}],"curies":[{"name":"wp","href":"https:\/\/api.w.org\/{rel}","templated":true}]}}