{"id":13327,"date":"2025-05-04T12:13:58","date_gmt":"2025-05-04T10:13:58","guid":{"rendered":"https:\/\/orchidleja.com\/?post_type=product&#038;p=13327"},"modified":"2025-05-04T12:28:02","modified_gmt":"2025-05-04T10:28:02","slug":"klasicni-minimalisticni-uhani-pravokotne-oblike-z-orhidejami","status":"publish","type":"product","link":"https:\/\/orchidleja.com\/index.php\/izdelek\/klasicni-minimalisticni-uhani-pravokotne-oblike-z-orhidejami\/","title":{"rendered":"Klasi\u010dni minimalisti\u010dni uhani pravokotne oblike z orhidejami"},"content":{"rendered":"<p>Ti elegantni in diskretni uhani so popolna izbira za vse, ki cenijo <strong>minimalisti\u010den dizajn<\/strong> z naravnim pridihom. Izdelani so iz <strong>nerjave\u010dega jekla<\/strong>, kar zagotavlja <strong>dolgotrajno obstojnost<\/strong> in odpornost proti oksidaciji, hkrati pa so <strong>hipoalergeni<\/strong> in primerni tudi za ob\u010dutljivo ko\u017eo.<\/p>\n<ul>\n<li><strong>Oblika:<\/strong> prefinjena pravokotna silhueta<\/li>\n<li><strong>Material:<\/strong> nerjave\u010de jeklo \u2013 elegantno in trpe\u017eno<\/li>\n<li><strong>Velikost:<\/strong> 6 mm \u2013 subtilna, a prepoznavna<\/li>\n<li><strong>Motiv:<\/strong> ne\u017eni cvetovi orhideje za pridih naravne lepote<\/li>\n<li><strong>Primerni za:<\/strong> mlaj\u0161e osebe ali vse, ki ljubijo brez\u010dasno eleganco<\/li>\n<li><strong>Popolno darilo:<\/strong> Valentinovo, bo\u017ei\u010d, dan \u017eena ali posebne prilo\u017enosti<\/li>\n<\/ul>\n<p>Zaradi svojega <strong>preprostega, a sofisticiranega dizajna<\/strong>, so ti uhani idealni za vsakodnevno no\u0161enje in odli\u010dno dopolnjujejo razli\u010dne stile.<\/p>\n","protected":false},"excerpt":{"rendered":"<p>Ti elegantni in diskretni uhani so popolna izbira za vse, ki cenijo minimalisti\u010den dizajn z naravnim pridihom. Izdelani so iz nerjave\u010dega jekla, kar zagotavlja dolgotrajno obstojnost in odpornost proti oksidaciji, hkrati pa so hipoalergeni in primerni tudi za ob\u010dutljivo ko\u017eo. Oblika: prefinjena pravokotna silhueta Material: nerjave\u010de jeklo \u2013 elegantno in trpe\u017eno Velikost: 6 mm \u2013 [&hellip;]<\/p>\n","protected":false},"featured_media":13328,"comment_status":"open","ping_status":"closed","template":"","meta":{"_eb_attr":""},"product_cat":[198],"product_tag":[],"class_list":{"0":"post-13327","1":"product","2":"type-product","3":"status-publish","4":"has-post-thumbnail","6":"product_brand-lilalom","7":"product_cat-klasicni-uhani","9":"first","10":"instock","11":"sold-individually","12":"purchasable","13":"product-type-simple"},"_links":{"self":[{"href":"https:\/\/orchidleja.com\/index.php\/wp-json\/wp\/v2\/product\/13327","targetHints":{"allow":["GET"]}}],"collection":[{"href":"https:\/\/orchidleja.com\/index.php\/wp-json\/wp\/v2\/product"}],"about":[{"href":"https:\/\/orchidleja.com\/index.php\/wp-json\/wp\/v2\/types\/product"}],"replies":[{"embeddable":true,"href":"https:\/\/orchidleja.com\/index.php\/wp-json\/wp\/v2\/comments?post=13327"}],"wp:featuredmedia":[{"embeddable":true,"href":"https:\/\/orchidleja.com\/index.php\/wp-json\/wp\/v2\/media\/13328"}],"wp:attachment":[{"href":"https:\/\/orchidleja.com\/index.php\/wp-json\/wp\/v2\/media?parent=13327"}],"wp:term":[{"taxonomy":"product_cat","embeddable":true,"href":"https:\/\/orchidleja.com\/index.php\/wp-json\/wp\/v2\/product_cat?post=13327"},{"taxonomy":"product_tag","embeddable":true,"href":"https:\/\/orchidleja.com\/index.php\/wp-json\/wp\/v2\/product_tag?post=13327"}],"curies":[{"name":"wp","href":"https:\/\/api.w.org\/{rel}","templated":true}]}}